{"id":1772,"date":"2023-07-18T20:16:50","date_gmt":"2023-07-18T20:16:50","guid":{"rendered":"https:\/\/crossroads-english.com\/?page_id=1772"},"modified":"2023-07-18T20:39:00","modified_gmt":"2023-07-18T20:39:00","slug":"blog","status":"publish","type":"page","link":"https:\/\/crossroads-english.com\/es\/blog\/","title":{"rendered":"Blog"},"content":{"rendered":"<div data-elementor-type=\"wp-page\" data-elementor-id=\"1772\" class=\"elementor elementor-1772\" data-elementor-post-type=\"page\">\n\t\t\t\t\t\t<section class=\"elementor-section elementor-top-section elementor-element elementor-element-6521c6b7 elementor-section-boxed elementor-section-height-default elementor-section-height-default rael-particle-no\" data-id=\"6521c6b7\" data-element_type=\"section\" data-e-type=\"section\" data-settings=\"{&quot;background_background&quot;:&quot;gradient&quot;,&quot;rae_animations_entrance&quot;:&quot;none&quot;}\">\n\t\t\t\t\t\t<div class=\"elementor-container elementor-column-gap-default\">\n\t\t\t\t\t<div class=\"elementor-column elementor-col-100 elementor-top-column elementor-element elementor-element-a2acb94 rael-particle-no\" data-id=\"a2acb94\" data-element_type=\"column\" data-e-type=\"column\">\n\t\t\t<div class=\"elementor-widget-wrap elementor-element-populated\">\n\t\t\t\t\t\t<div class=\"elementor-element elementor-element-2d86802 elementor-widget elementor-widget-heading\" data-id=\"2d86802\" data-element_type=\"widget\" data-e-type=\"widget\" data-widget_type=\"heading.default\">\n\t\t\t\t<div class=\"elementor-widget-container\">\n\t\t\t\t\t<h1 class=\"elementor-heading-title elementor-size-default\">Crossroads English Blog<\/h1>\t\t\t\t<\/div>\n\t\t\t\t<\/div>\n\t\t\t\t<div class=\"elementor-element elementor-element-f1b2c82 elementor-widget elementor-widget-shortcode\" data-id=\"f1b2c82\" data-element_type=\"widget\" data-e-type=\"widget\" data-widget_type=\"shortcode.default\">\n\t\t\t\t<div class=\"elementor-widget-container\">\n\t\t\t\t\t\t\t<div class=\"elementor-shortcode\"><div id=\"bdpp-post-gridbox-1\" class=\"bdpp-wrap bdpp-lite bdpp-post-grid-box-wrap bdpp-post-data-wrap bdpp-design-1  bdpp-clearfix\">\r\n\t<div class=\"bdpp-post-grid-box-inr-wrap bdpp-post-data-inr-wrap bdpp-clearfix\">\t<div class=\"bdpp-post-gridbox bdpp-post-gridbox-left bdpp-col-2 bdpp-columns bdpp-post-1976 bdpp-post-standard  bdpp-has-thumb\">\r\n\t\t<div class=\"bdpp-post-grid-content\">\r\n\t\t\t\t\r\n\t\t\t<div class=\"bdpp-post-img-link\">\t\r\n\t\t\t\t<a class=\"bdpp-post-linkoverlay\" href=\"https:\/\/crossroads-english.com\/es\/speak-english-fluently-grammatical-awareness-and-automaticity\/\"><\/a>\r\n\t\t\t\t<div class=\"bdpp-post-img-bg\" style=\"height:500px; background-image:url(https:\/\/crossroads-english.com\/wp-content\/uploads\/2024\/12\/1Copy-of-Blue-and-White-Calm-Education-YouTube-Thumbnail-1024x576.jpg);\"><\/div>\r\n\t\t\t\t\t\t\t<\/div>\r\n\t\t\t\r\n\t\t\t<div class=\"bdpp-post-content-overlay\">\r\n\t\t\t\t<h2 class=\"bdpp-post-title\">\r\n\t\t\t\t\t<a href=\"https:\/\/crossroads-english.com\/es\/speak-english-fluently-grammatical-awareness-and-automaticity\/\">Speak English Fluently: Grammatical Awareness and Automaticity<\/a>\r\n\t\t\t\t<\/h2>\r\n\r\n\t\t\t\t\t\t\t\t<div class=\"bdpp-post-content\">\r\n\t\t\t\t\t<div class=\"bdpp-post-desc\">Speaking English fluently is not just about memorizing words; it\u2019s about knowing how to structure them correctly into sentences. This...<\/div>\r\n\t\t\t\t\t\t\t\t\t\t\t<a href=\"https:\/\/crossroads-english.com\/es\/speak-english-fluently-grammatical-awareness-and-automaticity\/\" class=\"bdpp-rdmr-btn\">Read More<\/a>\r\n\t\t\t\t\t\t\t\t\t<\/div>\r\n\t\t\t\t\t\t\t<\/div>\r\n\t\t<\/div>\r\n\t<\/div>\r\n\r\n<div class=\"bdpp-post-gridbox bdpp-post-gridbox-right bdpp-col-2 bdpp-columns bdpp-post-1973 bdpp-post-standard  bdpp-has-thumb\">\r\n\t<div class=\"bdpp-post-grid-content bdpp-clearfix\">\r\n\t\t\t\t<div class=\"bdpp-col-s-4 bdpp-columns\">\r\n\t\t\t<div class=\"bdpp-post-img-bg\">\r\n\t\t\t\t<a href=\"https:\/\/crossroads-english.com\/es\/hablar-ingles-con-fluidez-la-consciencia-gramatical-y-la-automaticidad\/\">\r\n\t\t\t\t\t<img decoding=\"async\" src=\"https:\/\/crossroads-english.com\/wp-content\/uploads\/2024\/12\/Copy-of-Blue-and-White-Calm-Education-YouTube-Thumbnail-150x150.jpg\" class=\"bdpp-img bdpp-post-feat-img\" alt=\"Hablar Ingl\u00e9s con Fluidez: la Consciencia Gramatical y la Automaticidad\" \/>\r\n\t\t\t\t\t\t\t\t\t<\/a>\r\n\t\t\t<\/div>\r\n\t\t<\/div>\r\n\t\t\r\n\t\t<div class=\"bdpp-col-s-8 bdpp-columns\">\r\n\t\t\t\r\n\t\t\t<div class=\"bdpp-post-content-overlay\">\r\n\t\t\t\t<h4 class=\"bdpp-post-title\">\r\n\t\t\t\t\t<a href=\"https:\/\/crossroads-english.com\/es\/hablar-ingles-con-fluidez-la-consciencia-gramatical-y-la-automaticidad\/\">Hablar Ingl\u00e9s con Fluidez: la Consciencia Gramatical y la Automaticidad<\/a>\r\n\t\t\t\t<\/h4>\r\n\r\n\t\t\t\t\t\t\t<\/div>\r\n\t\t<\/div>\r\n\t<\/div>\r\n<\/div>\r\n\r\n<div class=\"bdpp-post-gridbox bdpp-post-gridbox-right bdpp-col-2 bdpp-columns bdpp-post-1969 bdpp-post-standard  bdpp-has-thumb\">\r\n\t<div class=\"bdpp-post-grid-content bdpp-clearfix\">\r\n\t\t\t\t<div class=\"bdpp-col-s-4 bdpp-columns\">\r\n\t\t\t<div class=\"bdpp-post-img-bg\">\r\n\t\t\t\t<a href=\"https:\/\/crossroads-english.com\/es\/stop-making-this-common-english-mistake-echo-questions-explained\/\">\r\n\t\t\t\t\t<img decoding=\"async\" src=\"https:\/\/crossroads-english.com\/wp-content\/uploads\/2024\/12\/thumbnail-150x150.jpg\" class=\"bdpp-img bdpp-post-feat-img\" alt=\"Stop Making This Common English Mistake: Echo Questions Explained\" \/>\r\n\t\t\t\t\t\t\t\t\t<\/a>\r\n\t\t\t<\/div>\r\n\t\t<\/div>\r\n\t\t\r\n\t\t<div class=\"bdpp-col-s-8 bdpp-columns\">\r\n\t\t\t\r\n\t\t\t<div class=\"bdpp-post-content-overlay\">\r\n\t\t\t\t<h4 class=\"bdpp-post-title\">\r\n\t\t\t\t\t<a href=\"https:\/\/crossroads-english.com\/es\/stop-making-this-common-english-mistake-echo-questions-explained\/\">Stop Making This Common English Mistake: Echo Questions Explained<\/a>\r\n\t\t\t\t<\/h4>\r\n\r\n\t\t\t\t\t\t\t<\/div>\r\n\t\t<\/div>\r\n\t<\/div>\r\n<\/div>\r\n\r\n<div class=\"bdpp-post-gridbox bdpp-post-gridbox-right bdpp-col-2 bdpp-columns bdpp-post-1889 bdpp-post-standard  bdpp-no-thumb\">\r\n\t<div class=\"bdpp-post-grid-content bdpp-clearfix\">\r\n\t\t\r\n\t\t<div class=\"bdpp-col-s-12 bdpp-columns\">\r\n\t\t\t\r\n\t\t\t<div class=\"bdpp-post-content-overlay\">\r\n\t\t\t\t<h4 class=\"bdpp-post-title\">\r\n\t\t\t\t\t<a href=\"https:\/\/crossroads-english.com\/es\/which-is-better-an-intensive-short-term-course-or-a-longer-slow-paced-course-of-english\/\">Which is better, an intensive short-term course or a longer, slow-paced course of English?<\/a>\r\n\t\t\t\t<\/h4>\r\n\r\n\t\t\t\t\t\t\t<\/div>\r\n\t\t<\/div>\r\n\t<\/div>\r\n<\/div>\r\n\r\n<div class=\"bdpp-post-gridbox bdpp-post-gridbox-right bdpp-col-2 bdpp-columns bdpp-post-1885 bdpp-post-standard  bdpp-has-thumb\">\r\n\t<div class=\"bdpp-post-grid-content bdpp-clearfix\">\r\n\t\t\t\t<div class=\"bdpp-col-s-4 bdpp-columns\">\r\n\t\t\t<div class=\"bdpp-post-img-bg\">\r\n\t\t\t\t<a href=\"https:\/\/crossroads-english.com\/es\/te-sientes-estancado-con-tu-ingles\/\">\r\n\t\t\t\t\t<img decoding=\"async\" src=\"https:\/\/crossroads-english.com\/wp-content\/uploads\/2024\/01\/Crossroads-English\u00ae-team-wishes-you-150x150.jpg\" class=\"bdpp-img bdpp-post-feat-img\" alt=\"\u00bfTE SIENTES ESTANCADO CON TU INGL\u00c9S?\" \/>\r\n\t\t\t\t\t\t\t\t\t<\/a>\r\n\t\t\t<\/div>\r\n\t\t<\/div>\r\n\t\t\r\n\t\t<div class=\"bdpp-col-s-8 bdpp-columns\">\r\n\t\t\t\r\n\t\t\t<div class=\"bdpp-post-content-overlay\">\r\n\t\t\t\t<h4 class=\"bdpp-post-title\">\r\n\t\t\t\t\t<a href=\"https:\/\/crossroads-english.com\/es\/te-sientes-estancado-con-tu-ingles\/\">\u00bfTE SIENTES ESTANCADO CON TU INGL\u00c9S?<\/a>\r\n\t\t\t\t<\/h4>\r\n\r\n\t\t\t\t\t\t\t<\/div>\r\n\t\t<\/div>\r\n\t<\/div>\r\n<\/div>\r\n\r\n<div class=\"bdpp-post-gridbox bdpp-post-gridbox-right bdpp-col-2 bdpp-columns bdpp-post-1856 bdpp-post-standard  bdpp-has-thumb\">\r\n\t<div class=\"bdpp-post-grid-content bdpp-clearfix\">\r\n\t\t\t\t<div class=\"bdpp-col-s-4 bdpp-columns\">\r\n\t\t\t<div class=\"bdpp-post-img-bg\">\r\n\t\t\t\t<a href=\"https:\/\/crossroads-english.com\/es\/hablar-ingles-con-apps-es-posible\/\">\r\n\t\t\t\t\t<img decoding=\"async\" src=\"https:\/\/crossroads-english.com\/wp-content\/uploads\/2023\/10\/www.crossroads-english.com_-150x150.jpg\" class=\"bdpp-img bdpp-post-feat-img\" alt=\"\u00bfAprender a Hablar Ingl\u00e9s con Apps? Es Posible?\" \/>\r\n\t\t\t\t\t\t\t\t\t<\/a>\r\n\t\t\t<\/div>\r\n\t\t<\/div>\r\n\t\t\r\n\t\t<div class=\"bdpp-col-s-8 bdpp-columns\">\r\n\t\t\t\r\n\t\t\t<div class=\"bdpp-post-content-overlay\">\r\n\t\t\t\t<h4 class=\"bdpp-post-title\">\r\n\t\t\t\t\t<a href=\"https:\/\/crossroads-english.com\/es\/hablar-ingles-con-apps-es-posible\/\">\u00bfAprender a Hablar Ingl\u00e9s con Apps? Es Posible?<\/a>\r\n\t\t\t\t<\/h4>\r\n\r\n\t\t\t\t\t\t\t<\/div>\r\n\t\t<\/div>\r\n\t<\/div>\r\n<\/div>\r\n\r\n<div class=\"bdpp-post-gridbox bdpp-post-gridbox-right bdpp-col-2 bdpp-columns bdpp-post-626 bdpp-post-standard  bdpp-has-thumb\">\r\n\t<div class=\"bdpp-post-grid-content bdpp-clearfix\">\r\n\t\t\t\t<div class=\"bdpp-col-s-4 bdpp-columns\">\r\n\t\t\t<div class=\"bdpp-post-img-bg\">\r\n\t\t\t\t<a href=\"https:\/\/crossroads-english.com\/es\/1-thing-you-need-to-know-to-speak-english-fluently\/\">\r\n\t\t\t\t\t<img decoding=\"async\" src=\"https:\/\/crossroads-english.com\/wp-content\/uploads\/2022\/08\/brain-and-language-150x150.png\" class=\"bdpp-img bdpp-post-feat-img\" alt=\"1 Thing You Need to Know to Speak English Fluently\" \/>\r\n\t\t\t\t\t\t\t\t\t<\/a>\r\n\t\t\t<\/div>\r\n\t\t<\/div>\r\n\t\t\r\n\t\t<div class=\"bdpp-col-s-8 bdpp-columns\">\r\n\t\t\t\r\n\t\t\t<div class=\"bdpp-post-content-overlay\">\r\n\t\t\t\t<h4 class=\"bdpp-post-title\">\r\n\t\t\t\t\t<a href=\"https:\/\/crossroads-english.com\/es\/1-thing-you-need-to-know-to-speak-english-fluently\/\">1 Thing You Need to Know to Speak English Fluently<\/a>\r\n\t\t\t\t<\/h4>\r\n\r\n\t\t\t\t\t\t\t<\/div>\r\n\t\t<\/div>\r\n\t<\/div>\r\n<\/div>\r\n\r\n<div class=\"bdpp-post-gridbox bdpp-post-gridbox-right bdpp-col-2 bdpp-columns bdpp-post-581 bdpp-post-standard  bdpp-has-thumb\">\r\n\t<div class=\"bdpp-post-grid-content bdpp-clearfix\">\r\n\t\t\t\t<div class=\"bdpp-col-s-4 bdpp-columns\">\r\n\t\t\t<div class=\"bdpp-post-img-bg\">\r\n\t\t\t\t<a href=\"https:\/\/crossroads-english.com\/es\/take-a-free-test-to-know-your-english-level\/\">\r\n\t\t\t\t\t<img decoding=\"async\" src=\"https:\/\/crossroads-english.com\/wp-content\/uploads\/2022\/08\/take-test-150x150.png\" class=\"bdpp-img bdpp-post-feat-img\" alt=\"Take a Free Test to Know Your English Level\" \/>\r\n\t\t\t\t\t\t\t\t\t<\/a>\r\n\t\t\t<\/div>\r\n\t\t<\/div>\r\n\t\t\r\n\t\t<div class=\"bdpp-col-s-8 bdpp-columns\">\r\n\t\t\t\r\n\t\t\t<div class=\"bdpp-post-content-overlay\">\r\n\t\t\t\t<h4 class=\"bdpp-post-title\">\r\n\t\t\t\t\t<a href=\"https:\/\/crossroads-english.com\/es\/take-a-free-test-to-know-your-english-level\/\">Take a Free Test to Know Your English Level<\/a>\r\n\t\t\t\t<\/h4>\r\n\r\n\t\t\t\t\t\t\t<\/div>\r\n\t\t<\/div>\r\n\t<\/div>\r\n<\/div>\r\n\r\n<div class=\"bdpp-post-gridbox bdpp-post-gridbox-right bdpp-col-2 bdpp-columns bdpp-post-563 bdpp-post-standard  bdpp-has-thumb\">\r\n\t<div class=\"bdpp-post-grid-content bdpp-clearfix\">\r\n\t\t\t\t<div class=\"bdpp-col-s-4 bdpp-columns\">\r\n\t\t\t<div class=\"bdpp-post-img-bg\">\r\n\t\t\t\t<a href=\"https:\/\/crossroads-english.com\/es\/4-best-reasons-to-start-conversation-classes\/\">\r\n\t\t\t\t\t<img decoding=\"async\" src=\"https:\/\/crossroads-english.com\/wp-content\/uploads\/2022\/07\/post-sendible-150x150.png\" class=\"bdpp-img bdpp-post-feat-img\" alt=\"4 Best Reasons to Start Conversation Classes\" \/>\r\n\t\t\t\t\t\t\t\t\t<\/a>\r\n\t\t\t<\/div>\r\n\t\t<\/div>\r\n\t\t\r\n\t\t<div class=\"bdpp-col-s-8 bdpp-columns\">\r\n\t\t\t\r\n\t\t\t<div class=\"bdpp-post-content-overlay\">\r\n\t\t\t\t<h4 class=\"bdpp-post-title\">\r\n\t\t\t\t\t<a href=\"https:\/\/crossroads-english.com\/es\/4-best-reasons-to-start-conversation-classes\/\">4 Best Reasons to Start Conversation Classes<\/a>\r\n\t\t\t\t<\/h4>\r\n\r\n\t\t\t\t\t\t\t<\/div>\r\n\t\t<\/div>\r\n\t<\/div>\r\n<\/div>\r\n\r\n<div class=\"bdpp-post-gridbox bdpp-post-gridbox-right bdpp-col-2 bdpp-columns bdpp-post-399 bdpp-post-standard  bdpp-has-thumb\">\r\n\t<div class=\"bdpp-post-grid-content bdpp-clearfix\">\r\n\t\t\t\t<div class=\"bdpp-col-s-4 bdpp-columns\">\r\n\t\t\t<div class=\"bdpp-post-img-bg\">\r\n\t\t\t\t<a href=\"https:\/\/crossroads-english.com\/es\/english-for-global-business\/\">\r\n\t\t\t\t\t<img decoding=\"async\" src=\"https:\/\/crossroads-english.com\/wp-content\/uploads\/2022\/05\/English-as-a-Corporate-Language-150x150.jpg\" class=\"bdpp-img bdpp-post-feat-img\" alt=\"English for Global Business\" \/>\r\n\t\t\t\t\t\t\t\t\t<\/a>\r\n\t\t\t<\/div>\r\n\t\t<\/div>\r\n\t\t\r\n\t\t<div class=\"bdpp-col-s-8 bdpp-columns\">\r\n\t\t\t\r\n\t\t\t<div class=\"bdpp-post-content-overlay\">\r\n\t\t\t\t<h4 class=\"bdpp-post-title\">\r\n\t\t\t\t\t<a href=\"https:\/\/crossroads-english.com\/es\/english-for-global-business\/\">English for Global Business<\/a>\r\n\t\t\t\t<\/h4>\r\n\r\n\t\t\t\t\t\t\t<\/div>\r\n\t\t<\/div>\r\n\t<\/div>\r\n<\/div>\r\n\r\n<div class=\"bdpp-post-gridbox bdpp-post-gridbox-right bdpp-col-2 bdpp-columns bdpp-post-396 bdpp-post-standard  bdpp-has-thumb\">\r\n\t<div class=\"bdpp-post-grid-content bdpp-clearfix\">\r\n\t\t\t\t<div class=\"bdpp-col-s-4 bdpp-columns\">\r\n\t\t\t<div class=\"bdpp-post-img-bg\">\r\n\t\t\t\t<a href=\"https:\/\/crossroads-english.com\/es\/deja-de-aprender-palabras-nuevas-en-ingles\/\">\r\n\t\t\t\t\t<img decoding=\"async\" src=\"https:\/\/crossroads-english.com\/wp-content\/uploads\/2022\/05\/stop--150x150.jpg\" class=\"bdpp-img bdpp-post-feat-img\" alt=\"Deja de Aprender Palabras nuevas en ingl\u00e9s!\" \/>\r\n\t\t\t\t\t\t\t\t\t<\/a>\r\n\t\t\t<\/div>\r\n\t\t<\/div>\r\n\t\t\r\n\t\t<div class=\"bdpp-col-s-8 bdpp-columns\">\r\n\t\t\t\r\n\t\t\t<div class=\"bdpp-post-content-overlay\">\r\n\t\t\t\t<h4 class=\"bdpp-post-title\">\r\n\t\t\t\t\t<a href=\"https:\/\/crossroads-english.com\/es\/deja-de-aprender-palabras-nuevas-en-ingles\/\">Deja de Aprender Palabras nuevas en ingl\u00e9s!<\/a>\r\n\t\t\t\t<\/h4>\r\n\r\n\t\t\t\t\t\t\t<\/div>\r\n\t\t<\/div>\r\n\t<\/div>\r\n<\/div>\r\n\r\n<div class=\"bdpp-post-gridbox bdpp-post-gridbox-right bdpp-col-2 bdpp-columns bdpp-post-229 bdpp-post-standard  bdpp-has-thumb\">\r\n\t<div class=\"bdpp-post-grid-content bdpp-clearfix\">\r\n\t\t\t\t<div class=\"bdpp-col-s-4 bdpp-columns\">\r\n\t\t\t<div class=\"bdpp-post-img-bg\">\r\n\t\t\t\t<a href=\"https:\/\/crossroads-english.com\/es\/1-easy-way-to-activate-your-vocabulary\/\">\r\n\t\t\t\t\t<img decoding=\"async\" src=\"https:\/\/crossroads-english.com\/wp-content\/uploads\/2022\/05\/active-vs-passive-vocab--150x150.jpg\" class=\"bdpp-img bdpp-post-feat-img\" alt=\"1 Easy Way to Activate your Vocabulary\" \/>\r\n\t\t\t\t\t\t\t\t\t<\/a>\r\n\t\t\t<\/div>\r\n\t\t<\/div>\r\n\t\t\r\n\t\t<div class=\"bdpp-col-s-8 bdpp-columns\">\r\n\t\t\t\r\n\t\t\t<div class=\"bdpp-post-content-overlay\">\r\n\t\t\t\t<h4 class=\"bdpp-post-title\">\r\n\t\t\t\t\t<a href=\"https:\/\/crossroads-english.com\/es\/1-easy-way-to-activate-your-vocabulary\/\">1 Easy Way to Activate your Vocabulary<\/a>\r\n\t\t\t\t<\/h4>\r\n\r\n\t\t\t\t\t\t\t<\/div>\r\n\t\t<\/div>\r\n\t<\/div>\r\n<\/div>\r\n\t<\/div>\r\n\t<\/div><\/div>\n\t\t\t\t\t\t<\/div>\n\t\t\t\t<\/div>\n\t\t\t\t\t<\/div>\n\t\t<\/div>\n\t\t\t\t\t<\/div>\n\t\t<\/section>\n\t\t\t\t<section class=\"elementor-section elementor-top-section elementor-element elementor-element-797f9e74 elementor-section-boxed elementor-section-height-default elementor-section-height-default rael-particle-no\" data-id=\"797f9e74\" data-element_type=\"section\" data-e-type=\"section\" data-settings=\"{&quot;background_background&quot;:&quot;classic&quot;,&quot;rae_animations_entrance&quot;:&quot;none&quot;}\">\n\t\t\t\t\t\t<div class=\"elementor-container elementor-column-gap-default\">\n\t\t\t\t\t<div class=\"elementor-column elementor-col-33 elementor-top-column elementor-element elementor-element-71e96e6d rael-particle-no\" data-id=\"71e96e6d\" data-element_type=\"column\" data-e-type=\"column\">\n\t\t\t<div class=\"elementor-widget-wrap elementor-element-populated\">\n\t\t\t\t\t\t<div class=\"elementor-element elementor-element-2e1eb397 elementor-widget elementor-widget-heading\" data-id=\"2e1eb397\" data-element_type=\"widget\" data-e-type=\"widget\" data-widget_type=\"heading.default\">\n\t\t\t\t<div class=\"elementor-widget-container\">\n\t\t\t\t\t<h2 class=\"elementor-heading-title elementor-size-default\">Crossroads English \u00ae<\/h2>\t\t\t\t<\/div>\n\t\t\t\t<\/div>\n\t\t\t\t<div class=\"elementor-element elementor-element-74fdaca2 elementor-widget elementor-widget-text-editor\" data-id=\"74fdaca2\" data-element_type=\"widget\" data-e-type=\"widget\" data-widget_type=\"text-editor.default\">\n\t\t\t\t<div class=\"elementor-widget-container\">\n\t\t\t\t\t\t\t\t\t<p>Aunque estamos ubicados en Chile, nuestra influencia se extiende mucho m\u00e1s all\u00e1 de las fronteras.<\/p><p>Ofrecemos con orgullo clases de ingl\u00e9s en l\u00ednea a estudiantes de todo el mundo. No importa d\u00f3nde te encuentres, puedes beneficiarte de nuestra instrucci\u00f3n de alta calidad y enfoque personalizado desde la comodidad de tu propio hogar u oficina.<\/p><p>Con nuestras clases en l\u00ednea, puedes disfrutar de la conveniencia y flexibilidad de aprender ingl\u00e9s sin las limitaciones de la distancia geogr\u00e1fica.<\/p><p>Ya sea que te encuentres en Chile o en cualquier otro pa\u00eds, nuestras clases de ingl\u00e9s en l\u00ednea te permiten superar las barreras, ampliar tus oportunidades y mejorar tus habilidades de comunicaci\u00f3n. \u00danete a nuestra comunidad global de estudiantes y emprende un viaje de transformaci\u00f3n en el idioma con nosotros, sin importar d\u00f3nde te encuentres en el mundo.<\/p>\t\t\t\t\t\t\t\t<\/div>\n\t\t\t\t<\/div>\n\t\t\t\t<div class=\"elementor-element elementor-element-3edeb862 elementor-shape-circle e-grid-align-left elementor-grid-0 elementor-widget elementor-widget-social-icons\" data-id=\"3edeb862\" data-element_type=\"widget\" data-e-type=\"widget\" data-widget_type=\"social-icons.default\">\n\t\t\t\t<div class=\"elementor-widget-container\">\n\t\t\t\t\t\t\t<div class=\"elementor-social-icons-wrapper elementor-grid\" role=\"list\">\n\t\t\t\t\t\t\t<span class=\"elementor-grid-item\" role=\"listitem\">\n\t\t\t\t\t<a class=\"elementor-icon elementor-social-icon elementor-social-icon-instagram elementor-animation-grow elementor-repeater-item-7887693\" href=\"https:\/\/www.instagram.com\/crossroads_english\/\" target=\"_blank\">\n\t\t\t\t\t\t<span class=\"elementor-screen-only\">Instagram<\/span>\n\t\t\t\t\t\t<i aria-hidden=\"true\" class=\"fab fa-instagram\"><\/i>\t\t\t\t\t<\/a>\n\t\t\t\t<\/span>\n\t\t\t\t\t\t\t<span class=\"elementor-grid-item\" role=\"listitem\">\n\t\t\t\t\t<a class=\"elementor-icon elementor-social-icon elementor-social-icon-linkedin elementor-animation-grow elementor-repeater-item-ca2f104\" href=\"https:\/\/www.linkedin.com\/school\/51634865\/\" target=\"_blank\">\n\t\t\t\t\t\t<span class=\"elementor-screen-only\">Linkedin<\/span>\n\t\t\t\t\t\t<i aria-hidden=\"true\" class=\"fab fa-linkedin\"><\/i>\t\t\t\t\t<\/a>\n\t\t\t\t<\/span>\n\t\t\t\t\t\t\t<span class=\"elementor-grid-item\" role=\"listitem\">\n\t\t\t\t\t<a class=\"elementor-icon elementor-social-icon elementor-social-icon-facebook elementor-animation-grow elementor-repeater-item-e9c0527\" href=\"https:\/\/www.facebook.com\/Crossroads-English-131816590265094\" target=\"_blank\">\n\t\t\t\t\t\t<span class=\"elementor-screen-only\">Facebook<\/span>\n\t\t\t\t\t\t<i aria-hidden=\"true\" class=\"fab fa-facebook\"><\/i>\t\t\t\t\t<\/a>\n\t\t\t\t<\/span>\n\t\t\t\t\t<\/div>\n\t\t\t\t\t\t<\/div>\n\t\t\t\t<\/div>\n\t\t\t\t\t<\/div>\n\t\t<\/div>\n\t\t\t\t<div class=\"elementor-column elementor-col-33 elementor-top-column elementor-element elementor-element-57fa959e rael-particle-no\" data-id=\"57fa959e\" data-element_type=\"column\" data-e-type=\"column\">\n\t\t\t<div class=\"elementor-widget-wrap elementor-element-populated\">\n\t\t\t\t\t\t<div class=\"elementor-element elementor-element-671af9e5 elementor-widget elementor-widget-html\" data-id=\"671af9e5\" data-element_type=\"widget\" data-e-type=\"widget\" data-widget_type=\"html.default\">\n\t\t\t\t<div class=\"elementor-widget-container\">\n\t\t\t\t\t<blockquote class=\"tiktok-embed\" cite=\"https:\/\/www.tiktok.com\/@crossroadsenglish\" data-unique-id=\"crossroadsenglish\" data-embed-type=\"creator\" style=\"max-width: 780px; min-width: 288px;\" > <section> <a target=\"_blank\" href=\"https:\/\/www.tiktok.com\/@crossroadsenglish?refer=creator_embed\">@crossroadsenglish<\/a> <\/section> <\/blockquote> <script async src=\"https:\/\/www.tiktok.com\/embed.js\"><\/script>\t\t\t\t<\/div>\n\t\t\t\t<\/div>\n\t\t\t\t<div class=\"elementor-element elementor-element-40e43b1a elementor-shape-rounded elementor-grid-0 e-grid-align-center elementor-widget elementor-widget-social-icons\" data-id=\"40e43b1a\" data-element_type=\"widget\" data-e-type=\"widget\" data-widget_type=\"social-icons.default\">\n\t\t\t\t<div class=\"elementor-widget-container\">\n\t\t\t\t\t\t\t<div class=\"elementor-social-icons-wrapper elementor-grid\">\n\t\t\t\t\t\t\t<span class=\"elementor-grid-item\">\n\t\t\t\t\t<a class=\"elementor-icon elementor-social-icon elementor-social-icon-linkedin elementor-repeater-item-75a0cc4\" href=\"https:\/\/www.linkedin.com\/in\/alexandra-zelinski\/\" target=\"_blank\">\n\t\t\t\t\t\t<span class=\"elementor-screen-only\">Linkedin<\/span>\n\t\t\t\t\t\t<i aria-hidden=\"true\" class=\"fab fa-linkedin\"><\/i>\t\t\t\t\t<\/a>\n\t\t\t\t<\/span>\n\t\t\t\t\t<\/div>\n\t\t\t\t\t\t<\/div>\n\t\t\t\t<\/div>\n\t\t\t\t\t<\/div>\n\t\t<\/div>\n\t\t\t\t<div class=\"elementor-column elementor-col-33 elementor-top-column elementor-element elementor-element-11fc604b rael-particle-no\" data-id=\"11fc604b\" data-element_type=\"column\" data-e-type=\"column\">\n\t\t\t<div class=\"elementor-widget-wrap elementor-element-populated\">\n\t\t\t\t\t\t<div class=\"elementor-element elementor-element-2951d300 elementor-widget elementor-widget-heading\" data-id=\"2951d300\" data-element_type=\"widget\" data-e-type=\"widget\" data-widget_type=\"heading.default\">\n\t\t\t\t<div class=\"elementor-widget-container\">\n\t\t\t\t\t<h2 class=\"elementor-heading-title elementor-size-default\">Conoce al fundador<\/h2>\t\t\t\t<\/div>\n\t\t\t\t<\/div>\n\t\t\t\t<div class=\"elementor-element elementor-element-378e5e82 elementor-widget elementor-widget-text-editor\" data-id=\"378e5e82\" data-element_type=\"widget\" data-e-type=\"widget\" data-widget_type=\"text-editor.default\">\n\t\t\t\t<div class=\"elementor-widget-container\">\n\t\t\t\t\t\t\t\t\t<p>Alexandra Zelinski es la fundadora de Crossroads English \u00ae, aporta m\u00e1s de 10 a\u00f1os de valiosa experiencia en el campo de la educaci\u00f3n en ingl\u00e9s. Con una pasi\u00f3n por la ense\u00f1anza y una profunda comprensi\u00f3n de la adquisici\u00f3n del idioma, se ha dedicado a ayudar a estudiantes como t\u00fa a alcanzar sus objetivos ling\u00fc\u00edsticos.<\/p><p>Posee un t\u00edtulo en Lengua y Literatura Inglesa, as\u00ed como en Traducci\u00f3n entre Ingl\u00e9s y Franc\u00e9s, lo que le ha proporcionado una s\u00f3lida base en teor\u00eda ling\u00fc\u00edstica y comunicaci\u00f3n intercultural. <br \/><br \/>A lo largo de su carrera, ha perfeccionado sus habilidades de ense\u00f1anza, desarrollado metodolog\u00edas efectivas y se ha mantenido actualizada con las \u00faltimas tendencias en la educaci\u00f3n en idiomas. En Crossroads English \u00ae te ofrecemos una experiencia de aprendizaje de apoyo, atractiva y orientada a resultados, gui\u00e1ndote hacia la fluidez y empoder\u00e1ndote para comunicarte con confianza en ingl\u00e9s.<\/p>\t\t\t\t\t\t\t\t<\/div>\n\t\t\t\t<\/div>\n\t\t\t\t\t<\/div>\n\t\t<\/div>\n\t\t\t\t\t<\/div>\n\t\t<\/section>\n\t\t\t\t<\/div>","protected":false},"excerpt":{"rendered":"<p>Crossroads English Blog Crossroads English \u00ae While we are based in Chile, our reach extends far beyond borders. We proudly offer online English classes to students all over the world. No matter where you are located, you can benefit from &hellip;<\/p>\n<p class=\"read-more\"> <a class=\"more-link\" href=\"https:\/\/crossroads-english.com\/es\/1-easy-way-to-activate-your-vocabulary\/\"> <span class=\"screen-reader-text\">1 Easy Way to Activate your Vocabulary<\/span> Leer m\u00e1s \u201d<\/a><\/p>","protected":false},"author":1,"featured_media":0,"parent":0,"menu_order":0,"comment_status":"closed","ping_status":"closed","template":"elementor_header_footer","meta":{"content-type":"","_eb_attr":"","footnotes":""},"class_list":["post-1772","page","type-page","status-publish","hentry"],"aioseo_notices":[],"_links":{"self":[{"href":"https:\/\/crossroads-english.com\/es\/wp-json\/wp\/v2\/pages\/1772","targetHints":{"allow":["GET"]}}],"collection":[{"href":"https:\/\/crossroads-english.com\/es\/wp-json\/wp\/v2\/pages"}],"about":[{"href":"https:\/\/crossroads-english.com\/es\/wp-json\/wp\/v2\/types\/page"}],"author":[{"embeddable":true,"href":"https:\/\/crossroads-english.com\/es\/wp-json\/wp\/v2\/users\/1"}],"replies":[{"embeddable":true,"href":"https:\/\/crossroads-english.com\/es\/wp-json\/wp\/v2\/comments?post=1772"}],"version-history":[{"count":11,"href":"https:\/\/crossroads-english.com\/es\/wp-json\/wp\/v2\/pages\/1772\/revisions"}],"predecessor-version":[{"id":1786,"href":"https:\/\/crossroads-english.com\/es\/wp-json\/wp\/v2\/pages\/1772\/revisions\/1786"}],"wp:attachment":[{"href":"https:\/\/crossroads-english.com\/es\/wp-json\/wp\/v2\/media?parent=1772"}],"curies":[{"name":"wp","href":"https:\/\/api.w.org\/{rel}","templated":true}]}}