{"id":1662,"date":"2023-05-16T22:06:53","date_gmt":"2023-05-16T22:06:53","guid":{"rendered":"https:\/\/crossroads-english.com\/?page_id=1662"},"modified":"2025-01-22T19:12:03","modified_gmt":"2025-01-22T19:12:03","slug":"study-times","status":"publish","type":"page","link":"https:\/\/crossroads-english.com\/es\/study-times\/","title":{"rendered":"Study times"},"content":{"rendered":"<div data-elementor-type=\"wp-page\" data-elementor-id=\"1662\" class=\"elementor elementor-1662\" data-elementor-post-type=\"page\">\n\t\t\t\t\t\t<section class=\"elementor-section elementor-top-section elementor-element elementor-element-4b711f31 elementor-section-boxed elementor-section-height-default elementor-section-height-default rael-particle-no\" data-id=\"4b711f31\" data-element_type=\"section\" data-e-type=\"section\" data-settings=\"{&quot;background_background&quot;:&quot;gradient&quot;,&quot;rae_animations_entrance&quot;:&quot;none&quot;}\">\n\t\t\t\t\t\t<div class=\"elementor-container elementor-column-gap-default\">\n\t\t\t\t\t<div class=\"elementor-column elementor-col-50 elementor-top-column elementor-element elementor-element-834ddd8 rael-particle-no\" data-id=\"834ddd8\" data-element_type=\"column\" data-e-type=\"column\">\n\t\t\t<div class=\"elementor-widget-wrap elementor-element-populated\">\n\t\t\t\t\t\t<div class=\"elementor-element elementor-element-1c92481d elementor-invisible elementor-widget elementor-widget-heading\" data-id=\"1c92481d\" data-element_type=\"widget\" data-e-type=\"widget\" data-settings=\"{&quot;_animation&quot;:&quot;fadeInLeft&quot;}\" data-widget_type=\"heading.default\">\n\t\t\t\t<div class=\"elementor-widget-container\">\n\t\t\t\t\t<h2 class=\"elementor-heading-title elementor-size-default\">Horario <\/h2>\t\t\t\t<\/div>\n\t\t\t\t<\/div>\n\t\t\t\t<div class=\"elementor-element elementor-element-69568442 elementor-widget elementor-widget-text-editor\" data-id=\"69568442\" data-element_type=\"widget\" data-e-type=\"widget\" data-widget_type=\"text-editor.default\">\n\t\t\t\t<div class=\"elementor-widget-container\">\n\t\t\t\t\t\t\t\t\t<p>En Crossroads English\u00ae, entendemos que cada estudiante tiene horarios y compromisos \u00fanicos. Por eso, ofrecemos la conveniencia de clases programadas individualmente seg\u00fan tu disponibilidad y los horarios de estudio que prefieras.<\/p><p>Cuando te inscribes en nuestras clases de ingl\u00e9s individuales, tenemos en cuenta tus restricciones de tiempo espec\u00edficas y trabajamos colaborativamente contigo para encontrar franjas horarias adecuadas para tus lecciones.\u00a0<\/p>\t\t\t\t\t\t\t\t<\/div>\n\t\t\t\t<\/div>\n\t\t\t\t\t<\/div>\n\t\t<\/div>\n\t\t\t\t<div class=\"elementor-column elementor-col-50 elementor-top-column elementor-element elementor-element-7c31e32c rael-particle-no\" data-id=\"7c31e32c\" data-element_type=\"column\" data-e-type=\"column\">\n\t\t\t<div class=\"elementor-widget-wrap elementor-element-populated\">\n\t\t\t\t\t\t<div class=\"elementor-element elementor-element-558f58df elementor-widget elementor-widget-image\" data-id=\"558f58df\" data-element_type=\"widget\" data-e-type=\"widget\" data-widget_type=\"image.default\">\n\t\t\t\t<div class=\"elementor-widget-container\">\n\t\t\t\t\t\t\t\t\t\t\t\t\t\t\t<img fetchpriority=\"high\" decoding=\"async\" width=\"544\" height=\"361\" src=\"https:\/\/crossroads-english.com\/wp-content\/uploads\/2023\/05\/9.png\" class=\"attachment-full size-full wp-image-1363\" alt=\"\" srcset=\"https:\/\/crossroads-english.com\/wp-content\/uploads\/2023\/05\/9.png 544w, https:\/\/crossroads-english.com\/wp-content\/uploads\/2023\/05\/9-300x199.png 300w, https:\/\/crossroads-english.com\/wp-content\/uploads\/2023\/05\/9-100x66.png 100w, https:\/\/crossroads-english.com\/wp-content\/uploads\/2023\/05\/9-150x100.png 150w, https:\/\/crossroads-english.com\/wp-content\/uploads\/2023\/05\/9-200x133.png 200w, https:\/\/crossroads-english.com\/wp-content\/uploads\/2023\/05\/9-450x299.png 450w\" sizes=\"(max-width: 544px) 100vw, 544px\" \/>\t\t\t\t\t\t\t\t\t\t\t\t\t\t\t<\/div>\n\t\t\t\t<\/div>\n\t\t\t\t\t<\/div>\n\t\t<\/div>\n\t\t\t\t\t<\/div>\n\t\t<\/section>\n\t\t\t\t<section class=\"elementor-section elementor-top-section elementor-element elementor-element-3b17c4af elementor-section-boxed elementor-section-height-default elementor-section-height-default rael-particle-no\" data-id=\"3b17c4af\" data-element_type=\"section\" data-e-type=\"section\" data-settings=\"{&quot;background_background&quot;:&quot;classic&quot;,&quot;rae_animations_entrance&quot;:&quot;none&quot;}\">\n\t\t\t\t\t\t<div class=\"elementor-container elementor-column-gap-default\">\n\t\t\t\t\t<div class=\"elementor-column elementor-col-100 elementor-top-column elementor-element elementor-element-4856cd0f rael-particle-no\" data-id=\"4856cd0f\" data-element_type=\"column\" data-e-type=\"column\">\n\t\t\t<div class=\"elementor-widget-wrap elementor-element-populated\">\n\t\t\t\t\t\t<div class=\"elementor-element elementor-element-2421a562 elementor-invisible elementor-widget elementor-widget-heading\" data-id=\"2421a562\" data-element_type=\"widget\" data-e-type=\"widget\" data-settings=\"{&quot;_animation&quot;:&quot;pulse&quot;}\" data-widget_type=\"heading.default\">\n\t\t\t\t<div class=\"elementor-widget-container\">\n\t\t\t\t\t<h2 class=\"elementor-heading-title elementor-size-default\">Flexibilidad<\/h2>\t\t\t\t<\/div>\n\t\t\t\t<\/div>\n\t\t\t\t<section class=\"elementor-section elementor-inner-section elementor-element elementor-element-2c5c7889 elementor-section-boxed elementor-section-height-default elementor-section-height-default rael-particle-no elementor-invisible\" data-id=\"2c5c7889\" data-element_type=\"section\" data-e-type=\"section\" data-settings=\"{&quot;animation&quot;:&quot;fadeInRight&quot;,&quot;rae_animations_entrance&quot;:&quot;none&quot;}\">\n\t\t\t\t\t\t<div class=\"elementor-container elementor-column-gap-default\">\n\t\t\t\t\t<div class=\"elementor-column elementor-col-100 elementor-inner-column elementor-element elementor-element-be18161 rael-particle-no\" data-id=\"be18161\" data-element_type=\"column\" data-e-type=\"column\">\n\t\t\t<div class=\"elementor-widget-wrap elementor-element-populated\">\n\t\t\t\t\t\t<div class=\"elementor-element elementor-element-5b0e55ab elementor-widget elementor-widget-text-editor\" data-id=\"5b0e55ab\" data-element_type=\"widget\" data-e-type=\"widget\" data-widget_type=\"text-editor.default\">\n\t\t\t\t<div class=\"elementor-widget-container\">\n\t\t\t\t\t\t\t\t\t<p>Durante el proceso de inscripci\u00f3n, discutiremos tus horarios de estudio preferidos, disponibilidad y cualquier requisito espec\u00edfico de programaci\u00f3n que puedas tener. Nuestro objetivo es garantizar que tus clases se integren sin problemas en tu rutina, permiti\u00e9ndote priorizar tu proceso de aprendizaje del idioma sin sacrificar otros compromisos importantes.<\/p><p>Al programar clases individualmente con cada estudiante, podemos ofrecer una experiencia de aprendizaje verdaderamente personalizada. Este enfoque nos permite adaptar nuestra instrucci\u00f3n a tus horarios de estudio preferidos, asegurando que recibas la atenci\u00f3n exclusiva y el enfoque que mereces durante tus lecciones.<\/p>\t\t\t\t\t\t\t\t<\/div>\n\t\t\t\t<\/div>\n\t\t\t\t\t<\/div>\n\t\t<\/div>\n\t\t\t\t\t<\/div>\n\t\t<\/section>\n\t\t\t\t\t<\/div>\n\t\t<\/div>\n\t\t\t\t\t<\/div>\n\t\t<\/section>\n\t\t\t\t<section class=\"elementor-section elementor-top-section elementor-element elementor-element-2b91e elementor-section-boxed elementor-section-height-default elementor-section-height-default rael-particle-no\" data-id=\"2b91e\" data-element_type=\"section\" data-e-type=\"section\" data-settings=\"{&quot;background_background&quot;:&quot;classic&quot;,&quot;rae_animations_entrance&quot;:&quot;none&quot;}\">\n\t\t\t\t\t\t<div class=\"elementor-container elementor-column-gap-default\">\n\t\t\t\t\t<div class=\"elementor-column elementor-col-33 elementor-top-column elementor-element elementor-element-7252505a rael-particle-no\" data-id=\"7252505a\" data-element_type=\"column\" data-e-type=\"column\">\n\t\t\t<div class=\"elementor-widget-wrap elementor-element-populated\">\n\t\t\t\t\t\t<div class=\"elementor-element elementor-element-6b1fa7c6 elementor-widget elementor-widget-heading\" data-id=\"6b1fa7c6\" data-element_type=\"widget\" data-e-type=\"widget\" data-widget_type=\"heading.default\">\n\t\t\t\t<div class=\"elementor-widget-container\">\n\t\t\t\t\t<h2 class=\"elementor-heading-title elementor-size-default\">Crossroads English \u00ae<\/h2>\t\t\t\t<\/div>\n\t\t\t\t<\/div>\n\t\t\t\t<div class=\"elementor-element elementor-element-71d30b56 elementor-widget elementor-widget-text-editor\" data-id=\"71d30b56\" data-element_type=\"widget\" data-e-type=\"widget\" data-widget_type=\"text-editor.default\">\n\t\t\t\t<div class=\"elementor-widget-container\">\n\t\t\t\t\t\t\t\t\t<p>Aunque estamos ubicados en Chile, nuestra influencia se extiende mucho m\u00e1s all\u00e1 de las fronteras.<\/p><p>Ofrecemos con orgullo clases de ingl\u00e9s en l\u00ednea a estudiantes de todo el mundo. No importa d\u00f3nde te encuentres, puedes beneficiarte de nuestra instrucci\u00f3n de alta calidad y enfoque personalizado desde la comodidad de tu propio hogar u oficina.<\/p><p>Con nuestras clases en l\u00ednea, puedes disfrutar de la conveniencia y flexibilidad de aprender ingl\u00e9s sin las limitaciones de la distancia geogr\u00e1fica.<\/p><p>Ya sea que te encuentres en Chile o en cualquier otro pa\u00eds, nuestras clases de ingl\u00e9s en l\u00ednea te permiten superar las barreras, ampliar tus oportunidades y mejorar tus habilidades de comunicaci\u00f3n. \u00danete a nuestra comunidad global de estudiantes y emprende un viaje de transformaci\u00f3n en el idioma con nosotros, sin importar d\u00f3nde te encuentres en el mundo.<\/p>\t\t\t\t\t\t\t\t<\/div>\n\t\t\t\t<\/div>\n\t\t\t\t<div class=\"elementor-element elementor-element-3351d86e elementor-shape-circle e-grid-align-left elementor-grid-0 elementor-widget elementor-widget-social-icons\" data-id=\"3351d86e\" data-element_type=\"widget\" data-e-type=\"widget\" data-widget_type=\"social-icons.default\">\n\t\t\t\t<div class=\"elementor-widget-container\">\n\t\t\t\t\t\t\t<div class=\"elementor-social-icons-wrapper elementor-grid\" role=\"list\">\n\t\t\t\t\t\t\t<span class=\"elementor-grid-item\" role=\"listitem\">\n\t\t\t\t\t<a class=\"elementor-icon elementor-social-icon elementor-social-icon-instagram elementor-animation-grow elementor-repeater-item-7887693\" href=\"https:\/\/www.instagram.com\/crossroads_english\/\" target=\"_blank\">\n\t\t\t\t\t\t<span class=\"elementor-screen-only\">Instagram<\/span>\n\t\t\t\t\t\t<i aria-hidden=\"true\" class=\"fab fa-instagram\"><\/i>\t\t\t\t\t<\/a>\n\t\t\t\t<\/span>\n\t\t\t\t\t\t\t<span class=\"elementor-grid-item\" role=\"listitem\">\n\t\t\t\t\t<a class=\"elementor-icon elementor-social-icon elementor-social-icon-linkedin elementor-animation-grow elementor-repeater-item-ca2f104\" href=\"https:\/\/www.linkedin.com\/school\/51634865\/\" target=\"_blank\">\n\t\t\t\t\t\t<span class=\"elementor-screen-only\">Linkedin<\/span>\n\t\t\t\t\t\t<i aria-hidden=\"true\" class=\"fab fa-linkedin\"><\/i>\t\t\t\t\t<\/a>\n\t\t\t\t<\/span>\n\t\t\t\t\t\t\t<span class=\"elementor-grid-item\" role=\"listitem\">\n\t\t\t\t\t<a class=\"elementor-icon elementor-social-icon elementor-social-icon-facebook elementor-animation-grow elementor-repeater-item-e9c0527\" href=\"https:\/\/www.facebook.com\/Crossroads-English-131816590265094\" target=\"_blank\">\n\t\t\t\t\t\t<span class=\"elementor-screen-only\">Facebook<\/span>\n\t\t\t\t\t\t<i aria-hidden=\"true\" class=\"fab fa-facebook\"><\/i>\t\t\t\t\t<\/a>\n\t\t\t\t<\/span>\n\t\t\t\t\t<\/div>\n\t\t\t\t\t\t<\/div>\n\t\t\t\t<\/div>\n\t\t\t\t\t<\/div>\n\t\t<\/div>\n\t\t\t\t<div class=\"elementor-column elementor-col-33 elementor-top-column elementor-element elementor-element-834bc93 rael-particle-no\" data-id=\"834bc93\" data-element_type=\"column\" data-e-type=\"column\">\n\t\t\t<div class=\"elementor-widget-wrap elementor-element-populated\">\n\t\t\t\t\t\t<div class=\"elementor-element elementor-element-4bfb830a elementor-widget elementor-widget-html\" data-id=\"4bfb830a\" data-element_type=\"widget\" data-e-type=\"widget\" data-widget_type=\"html.default\">\n\t\t\t\t<div class=\"elementor-widget-container\">\n\t\t\t\t\t<blockquote class=\"tiktok-embed\" cite=\"https:\/\/www.tiktok.com\/@crossroadsenglish\" data-unique-id=\"crossroadsenglish\" data-embed-type=\"creator\" style=\"max-width: 780px; min-width: 288px;\" > <section> <a target=\"_blank\" href=\"https:\/\/www.tiktok.com\/@crossroadsenglish?refer=creator_embed\">@crossroadsenglish<\/a> <\/section> <\/blockquote> <script async src=\"https:\/\/www.tiktok.com\/embed.js\"><\/script>\t\t\t\t<\/div>\n\t\t\t\t<\/div>\n\t\t\t\t<div class=\"elementor-element elementor-element-747d7664 elementor-shape-rounded elementor-grid-0 e-grid-align-center elementor-widget elementor-widget-social-icons\" data-id=\"747d7664\" data-element_type=\"widget\" data-e-type=\"widget\" data-widget_type=\"social-icons.default\">\n\t\t\t\t<div class=\"elementor-widget-container\">\n\t\t\t\t\t\t\t<div class=\"elementor-social-icons-wrapper elementor-grid\">\n\t\t\t\t\t\t\t<span class=\"elementor-grid-item\">\n\t\t\t\t\t<a class=\"elementor-icon elementor-social-icon elementor-social-icon-linkedin elementor-repeater-item-75a0cc4\" href=\"https:\/\/www.linkedin.com\/in\/alexandra-zelinski\/\" target=\"_blank\">\n\t\t\t\t\t\t<span class=\"elementor-screen-only\">Linkedin<\/span>\n\t\t\t\t\t\t<i aria-hidden=\"true\" class=\"fab fa-linkedin\"><\/i>\t\t\t\t\t<\/a>\n\t\t\t\t<\/span>\n\t\t\t\t\t<\/div>\n\t\t\t\t\t\t<\/div>\n\t\t\t\t<\/div>\n\t\t\t\t\t<\/div>\n\t\t<\/div>\n\t\t\t\t<div class=\"elementor-column elementor-col-33 elementor-top-column elementor-element elementor-element-69b4efd rael-particle-no\" data-id=\"69b4efd\" data-element_type=\"column\" data-e-type=\"column\">\n\t\t\t<div class=\"elementor-widget-wrap elementor-element-populated\">\n\t\t\t\t\t\t<div class=\"elementor-element elementor-element-3d869813 elementor-widget elementor-widget-heading\" data-id=\"3d869813\" data-element_type=\"widget\" data-e-type=\"widget\" data-widget_type=\"heading.default\">\n\t\t\t\t<div class=\"elementor-widget-container\">\n\t\t\t\t\t<h2 class=\"elementor-heading-title elementor-size-default\">Conoce al fundador<\/h2>\t\t\t\t<\/div>\n\t\t\t\t<\/div>\n\t\t\t\t<div class=\"elementor-element elementor-element-2c901fb9 elementor-widget elementor-widget-text-editor\" data-id=\"2c901fb9\" data-element_type=\"widget\" data-e-type=\"widget\" data-widget_type=\"text-editor.default\">\n\t\t\t\t<div class=\"elementor-widget-container\">\n\t\t\t\t\t\t\t\t\t<p>Alexandra Zelinski es la fundadora de Crossroads English \u00ae, aporta m\u00e1s de 10 a\u00f1os de valiosa experiencia en el campo de la educaci\u00f3n en ingl\u00e9s. Con una pasi\u00f3n por la ense\u00f1anza y una profunda comprensi\u00f3n de la adquisici\u00f3n del idioma, se ha dedicado a ayudar a estudiantes como t\u00fa a alcanzar sus objetivos ling\u00fc\u00edsticos.<\/p><p>Posee un t\u00edtulo en Lengua y Literatura Inglesa, as\u00ed como en Traducci\u00f3n entre Ingl\u00e9s y Franc\u00e9s, lo que le ha proporcionado una s\u00f3lida base en teor\u00eda ling\u00fc\u00edstica y comunicaci\u00f3n intercultural. <br \/><br \/>A lo largo de su carrera, ha perfeccionado sus habilidades de ense\u00f1anza, desarrollado metodolog\u00edas efectivas y se ha mantenido actualizada con las \u00faltimas tendencias en la educaci\u00f3n en idiomas. En Crossroads English \u00ae te ofrecemos una experiencia de aprendizaje de apoyo, atractiva y orientada a resultados, gui\u00e1ndote hacia la fluidez y empoder\u00e1ndote para comunicarte con confianza en ingl\u00e9s.<\/p>\t\t\t\t\t\t\t\t<\/div>\n\t\t\t\t<\/div>\n\t\t\t\t\t<\/div>\n\t\t<\/div>\n\t\t\t\t\t<\/div>\n\t\t<\/section>\n\t\t\t\t<section class=\"elementor-section elementor-top-section elementor-element elementor-element-630ed288 elementor-section-boxed elementor-section-height-default elementor-section-height-default rael-particle-no\" data-id=\"630ed288\" data-element_type=\"section\" data-e-type=\"section\" data-settings=\"{&quot;background_background&quot;:&quot;classic&quot;,&quot;rae_animations_entrance&quot;:&quot;none&quot;}\">\n\t\t\t\t\t\t<div class=\"elementor-container elementor-column-gap-default\">\n\t\t\t\t\t<div class=\"elementor-column elementor-col-100 elementor-top-column elementor-element elementor-element-51d32fc6 rael-particle-no\" data-id=\"51d32fc6\" data-element_type=\"column\" data-e-type=\"column\">\n\t\t\t<div class=\"elementor-widget-wrap elementor-element-populated\">\n\t\t\t\t\t\t<div class=\"elementor-element elementor-element-799bd06 elementor-widget elementor-widget-text-editor\" data-id=\"799bd06\" data-element_type=\"widget\" data-e-type=\"widget\" data-widget_type=\"text-editor.default\">\n\t\t\t\t<div class=\"elementor-widget-container\">\n\t\t\t\t\t\t\t\t\t<p>Crossroads English \u00ae. All rights reserved.<\/p>\t\t\t\t\t\t\t\t<\/div>\n\t\t\t\t<\/div>\n\t\t\t\t\t<\/div>\n\t\t<\/div>\n\t\t\t\t\t<\/div>\n\t\t<\/section>\n\t\t\t\t<\/div>","protected":false},"excerpt":{"rendered":"<p>Study Times At Crossroads English\u00ae we understand that each student has unique schedules and commitments. That&#8217;s why we offer the convenience of individually scheduled classes based on your availability and preferred study times. When you enroll in our one-on-one English &hellip;<\/p>\n<p class=\"read-more\"> <a class=\"more-link\" href=\"https:\/\/crossroads-english.com\/es\/study-times\/\"> <span class=\"screen-reader-text\">Study times<\/span> Leer m\u00e1s \u201d<\/a><\/p>","protected":false},"author":1,"featured_media":0,"parent":0,"menu_order":0,"comment_status":"closed","ping_status":"closed","template":"elementor_header_footer","meta":{"content-type":"","_eb_attr":"","footnotes":""},"class_list":["post-1662","page","type-page","status-publish","hentry"],"aioseo_notices":[],"_links":{"self":[{"href":"https:\/\/crossroads-english.com\/es\/wp-json\/wp\/v2\/pages\/1662","targetHints":{"allow":["GET"]}}],"collection":[{"href":"https:\/\/crossroads-english.com\/es\/wp-json\/wp\/v2\/pages"}],"about":[{"href":"https:\/\/crossroads-english.com\/es\/wp-json\/wp\/v2\/types\/page"}],"author":[{"embeddable":true,"href":"https:\/\/crossroads-english.com\/es\/wp-json\/wp\/v2\/users\/1"}],"replies":[{"embeddable":true,"href":"https:\/\/crossroads-english.com\/es\/wp-json\/wp\/v2\/comments?post=1662"}],"version-history":[{"count":26,"href":"https:\/\/crossroads-english.com\/es\/wp-json\/wp\/v2\/pages\/1662\/revisions"}],"predecessor-version":[{"id":2009,"href":"https:\/\/crossroads-english.com\/es\/wp-json\/wp\/v2\/pages\/1662\/revisions\/2009"}],"wp:attachment":[{"href":"https:\/\/crossroads-english.com\/es\/wp-json\/wp\/v2\/media?parent=1662"}],"curies":[{"name":"wp","href":"https:\/\/api.w.org\/{rel}","templated":true}]}}