{"id":1634,"date":"2023-05-16T21:40:01","date_gmt":"2023-05-16T21:40:01","guid":{"rendered":"https:\/\/crossroads-english.com\/?page_id=1634"},"modified":"2025-01-22T19:09:12","modified_gmt":"2025-01-22T19:09:12","slug":"one-on-one-english-classes","status":"publish","type":"page","link":"https:\/\/crossroads-english.com\/es\/one-on-one-english-classes\/","title":{"rendered":"One-on-one English Classes"},"content":{"rendered":"<div data-elementor-type=\"wp-page\" data-elementor-id=\"1634\" class=\"elementor elementor-1634\" data-elementor-post-type=\"page\">\n\t\t\t\t\t\t<section class=\"elementor-section elementor-top-section elementor-element elementor-element-9f8ae2c elementor-section-boxed elementor-section-height-default elementor-section-height-default rael-particle-no\" data-id=\"9f8ae2c\" data-element_type=\"section\" data-e-type=\"section\" data-settings=\"{&quot;background_background&quot;:&quot;classic&quot;,&quot;rae_animations_entrance&quot;:&quot;none&quot;}\">\n\t\t\t\t\t\t<div class=\"elementor-container elementor-column-gap-default\">\n\t\t\t\t\t<div class=\"elementor-column elementor-col-50 elementor-top-column elementor-element elementor-element-512cdd4c rael-particle-no\" data-id=\"512cdd4c\" data-element_type=\"column\" data-e-type=\"column\">\n\t\t\t<div class=\"elementor-widget-wrap elementor-element-populated\">\n\t\t\t\t\t\t<div class=\"elementor-element elementor-element-4b1adb6b elementor-invisible elementor-widget elementor-widget-heading\" data-id=\"4b1adb6b\" data-element_type=\"widget\" data-e-type=\"widget\" data-settings=\"{&quot;_animation&quot;:&quot;fadeInLeft&quot;}\" data-widget_type=\"heading.default\">\n\t\t\t\t<div class=\"elementor-widget-container\">\n\t\t\t\t\t<h2 class=\"elementor-heading-title elementor-size-default\">One-on-one classes<\/h2>\t\t\t\t<\/div>\n\t\t\t\t<\/div>\n\t\t\t\t<div class=\"elementor-element elementor-element-6e6c2f4b elementor-widget elementor-widget-text-editor\" data-id=\"6e6c2f4b\" data-element_type=\"widget\" data-e-type=\"widget\" data-widget_type=\"text-editor.default\">\n\t\t\t\t<div class=\"elementor-widget-container\">\n\t\t\t\t\t\t\t\t\t<p>Las clases individuales de ingl\u00e9s en Crossroads English\u00ae te ofrecen la m\u00e1xima experiencia de aprendizaje personalizado. Con nuestro enfoque individualizado, contar\u00e1s con la atenci\u00f3n exclusiva de un instructor experto que adaptar\u00e1 el plan de estudios a tus necesidades espec\u00edficas, estilo de aprendizaje y objetivos.<\/p><p>Estas clases brindan un entorno ideal para la pr\u00e1ctica centrada, discusiones profundas y retroalimentaci\u00f3n inmediata, garantizando un r\u00e1pido progreso en tus habilidades ling\u00fc\u00edsticas.\u00a0<\/p>\t\t\t\t\t\t\t\t<\/div>\n\t\t\t\t<\/div>\n\t\t\t\t\t<\/div>\n\t\t<\/div>\n\t\t\t\t<div class=\"elementor-column elementor-col-50 elementor-top-column elementor-element elementor-element-1a8c9b2f rael-particle-no\" data-id=\"1a8c9b2f\" data-element_type=\"column\" data-e-type=\"column\">\n\t\t\t<div class=\"elementor-widget-wrap elementor-element-populated\">\n\t\t\t\t\t\t<div class=\"elementor-element elementor-element-73b2727c elementor-widget elementor-widget-image\" data-id=\"73b2727c\" data-element_type=\"widget\" data-e-type=\"widget\" data-widget_type=\"image.default\">\n\t\t\t\t<div class=\"elementor-widget-container\">\n\t\t\t\t\t\t\t\t\t\t\t\t\t\t\t<img fetchpriority=\"high\" decoding=\"async\" width=\"963\" height=\"679\" src=\"https:\/\/crossroads-english.com\/wp-content\/uploads\/2023\/05\/4.png\" class=\"attachment-full size-full wp-image-1371\" alt=\"\" srcset=\"https:\/\/crossroads-english.com\/wp-content\/uploads\/2023\/05\/4.png 963w, https:\/\/crossroads-english.com\/wp-content\/uploads\/2023\/05\/4-300x212.png 300w, https:\/\/crossroads-english.com\/wp-content\/uploads\/2023\/05\/4-768x542.png 768w, https:\/\/crossroads-english.com\/wp-content\/uploads\/2023\/05\/4-100x71.png 100w, https:\/\/crossroads-english.com\/wp-content\/uploads\/2023\/05\/4-150x106.png 150w, https:\/\/crossroads-english.com\/wp-content\/uploads\/2023\/05\/4-200x141.png 200w, https:\/\/crossroads-english.com\/wp-content\/uploads\/2023\/05\/4-450x317.png 450w, https:\/\/crossroads-english.com\/wp-content\/uploads\/2023\/05\/4-600x423.png 600w, https:\/\/crossroads-english.com\/wp-content\/uploads\/2023\/05\/4-900x635.png 900w\" sizes=\"(max-width: 963px) 100vw, 963px\" \/>\t\t\t\t\t\t\t\t\t\t\t\t\t\t\t<\/div>\n\t\t\t\t<\/div>\n\t\t\t\t\t<\/div>\n\t\t<\/div>\n\t\t\t\t\t<\/div>\n\t\t<\/section>\n\t\t\t\t<section class=\"elementor-section elementor-top-section elementor-element elementor-element-778578b9 elementor-section-full_width elementor-reverse-mobile elementor-section-height-default elementor-section-height-default rael-particle-no\" data-id=\"778578b9\" data-element_type=\"section\" data-e-type=\"section\" data-settings=\"{&quot;background_background&quot;:&quot;classic&quot;,&quot;rae_animations_entrance&quot;:&quot;none&quot;}\">\n\t\t\t\t\t\t<div class=\"elementor-container elementor-column-gap-default\">\n\t\t\t\t\t<div class=\"elementor-column elementor-col-50 elementor-top-column elementor-element elementor-element-601b8f21 rael-particle-no\" data-id=\"601b8f21\" data-element_type=\"column\" data-e-type=\"column\" data-settings=\"{&quot;background_background&quot;:&quot;classic&quot;}\">\n\t\t\t<div class=\"elementor-widget-wrap elementor-element-populated\">\n\t\t\t\t\t\t<div class=\"elementor-element elementor-element-38ffb55f elementor-widget elementor-widget-image\" data-id=\"38ffb55f\" data-element_type=\"widget\" data-e-type=\"widget\" data-widget_type=\"image.default\">\n\t\t\t\t<div class=\"elementor-widget-container\">\n\t\t\t\t\t\t\t\t\t\t\t\t\t\t\t<img fetchpriority=\"high\" decoding=\"async\" width=\"963\" height=\"679\" src=\"https:\/\/crossroads-english.com\/wp-content\/uploads\/2023\/05\/4.png\" class=\"attachment-full size-full wp-image-1371\" alt=\"\" srcset=\"https:\/\/crossroads-english.com\/wp-content\/uploads\/2023\/05\/4.png 963w, https:\/\/crossroads-english.com\/wp-content\/uploads\/2023\/05\/4-300x212.png 300w, https:\/\/crossroads-english.com\/wp-content\/uploads\/2023\/05\/4-768x542.png 768w, https:\/\/crossroads-english.com\/wp-content\/uploads\/2023\/05\/4-100x71.png 100w, https:\/\/crossroads-english.com\/wp-content\/uploads\/2023\/05\/4-150x106.png 150w, https:\/\/crossroads-english.com\/wp-content\/uploads\/2023\/05\/4-200x141.png 200w, https:\/\/crossroads-english.com\/wp-content\/uploads\/2023\/05\/4-450x317.png 450w, https:\/\/crossroads-english.com\/wp-content\/uploads\/2023\/05\/4-600x423.png 600w, https:\/\/crossroads-english.com\/wp-content\/uploads\/2023\/05\/4-900x635.png 900w\" sizes=\"(max-width: 963px) 100vw, 963px\" \/>\t\t\t\t\t\t\t\t\t\t\t\t\t\t\t<\/div>\n\t\t\t\t<\/div>\n\t\t\t\t\t<\/div>\n\t\t<\/div>\n\t\t\t\t<div class=\"elementor-column elementor-col-50 elementor-top-column elementor-element elementor-element-2ef0538c rael-particle-no\" data-id=\"2ef0538c\" data-element_type=\"column\" data-e-type=\"column\">\n\t\t\t<div class=\"elementor-widget-wrap elementor-element-populated\">\n\t\t\t\t\t\t<div class=\"elementor-element elementor-element-27238310 elementor-invisible elementor-widget elementor-widget-heading\" data-id=\"27238310\" data-element_type=\"widget\" data-e-type=\"widget\" data-settings=\"{&quot;_animation&quot;:&quot;fadeInRight&quot;}\" data-widget_type=\"heading.default\">\n\t\t\t\t<div class=\"elementor-widget-container\">\n\t\t\t\t\t<h2 class=\"elementor-heading-title elementor-size-default\">Aprendizaje personalizado<\/h2>\t\t\t\t<\/div>\n\t\t\t\t<\/div>\n\t\t\t\t<div class=\"elementor-element elementor-element-eed371a elementor-widget elementor-widget-text-editor\" data-id=\"eed371a\" data-element_type=\"widget\" data-e-type=\"widget\" data-widget_type=\"text-editor.default\">\n\t\t\t\t<div class=\"elementor-widget-container\">\n\t\t\t\t\t\t\t\t\t<p>Ya seas un principiante en busca de una base s\u00f3lida o un aprendiz avanzado con el objetivo de alcanzar fluidez, nuestras clases individuales ofrecen flexibilidad, comodidad y la oportunidad de aprender a tu propio ritmo. Experimenta el poder del aprendizaje personalizado y desbloquea todo tu potencial con nuestras exclusivas clases individuales de ingl\u00e9s hoy mismo.<\/p>\t\t\t\t\t\t\t\t<\/div>\n\t\t\t\t<\/div>\n\t\t\t\t<section class=\"elementor-section elementor-inner-section elementor-element elementor-element-77645df1 elementor-section-boxed elementor-section-height-default elementor-section-height-default rael-particle-no\" data-id=\"77645df1\" data-element_type=\"section\" data-e-type=\"section\" data-settings=\"{&quot;rae_animations_entrance&quot;:&quot;none&quot;}\">\n\t\t\t\t\t\t<div class=\"elementor-container elementor-column-gap-default\">\n\t\t\t\t\t<div class=\"elementor-column elementor-col-50 elementor-inner-column elementor-element elementor-element-7da38086 rael-particle-no\" data-id=\"7da38086\" data-element_type=\"column\" data-e-type=\"column\" data-settings=\"{&quot;background_background&quot;:&quot;classic&quot;}\">\n\t\t\t<div class=\"elementor-widget-wrap elementor-element-populated\">\n\t\t\t\t\t\t<div class=\"elementor-element elementor-element-309ddc53 elementor-widget elementor-widget-icon-box\" data-id=\"309ddc53\" data-element_type=\"widget\" data-e-type=\"widget\" data-widget_type=\"icon-box.default\">\n\t\t\t\t<div class=\"elementor-widget-container\">\n\t\t\t\t\t\t\t<div class=\"elementor-icon-box-wrapper\">\n\n\t\t\t\n\t\t\t\t\t\t<div class=\"elementor-icon-box-content\">\n\n\t\t\t\t\t\t\t\t\t<h3 class=\"elementor-icon-box-title\">\n\t\t\t\t\t\t<span  >\n\t\t\t\t\t\t\tUnlike group classes where the focus is divided among multiple students, in a one-on-one setting, the entire lesson is dedicated to your specific needs, learning style, and goals.\t\t\t\t\t\t<\/span>\n\t\t\t\t\t<\/h3>\n\t\t\t\t\n\t\t\t\t\n\t\t\t<\/div>\n\t\t\t\n\t\t<\/div>\n\t\t\t\t\t\t<\/div>\n\t\t\t\t<\/div>\n\t\t\t\t\t<\/div>\n\t\t<\/div>\n\t\t\t\t<div class=\"elementor-column elementor-col-50 elementor-inner-column elementor-element elementor-element-616fd35c rael-particle-no\" data-id=\"616fd35c\" data-element_type=\"column\" data-e-type=\"column\" data-settings=\"{&quot;background_background&quot;:&quot;classic&quot;}\">\n\t\t\t<div class=\"elementor-widget-wrap elementor-element-populated\">\n\t\t\t\t\t\t<div class=\"elementor-element elementor-element-6f7d70f8 elementor-widget elementor-widget-image\" data-id=\"6f7d70f8\" data-element_type=\"widget\" data-e-type=\"widget\" data-widget_type=\"image.default\">\n\t\t\t\t<div class=\"elementor-widget-container\">\n\t\t\t\t\t\t\t\t\t\t\t\t\t\t\t<img decoding=\"async\" width=\"432\" height=\"478\" src=\"https:\/\/crossroads-english.com\/wp-content\/uploads\/2023\/05\/5.png\" class=\"attachment-full size-full wp-image-1374\" alt=\"\" srcset=\"https:\/\/crossroads-english.com\/wp-content\/uploads\/2023\/05\/5.png 432w, https:\/\/crossroads-english.com\/wp-content\/uploads\/2023\/05\/5-271x300.png 271w, https:\/\/crossroads-english.com\/wp-content\/uploads\/2023\/05\/5-100x111.png 100w, https:\/\/crossroads-english.com\/wp-content\/uploads\/2023\/05\/5-150x166.png 150w, https:\/\/crossroads-english.com\/wp-content\/uploads\/2023\/05\/5-200x221.png 200w, https:\/\/crossroads-english.com\/wp-content\/uploads\/2023\/05\/5-300x332.png 300w\" sizes=\"(max-width: 432px) 100vw, 432px\" \/>\t\t\t\t\t\t\t\t\t\t\t\t\t\t\t<\/div>\n\t\t\t\t<\/div>\n\t\t\t\t\t<\/div>\n\t\t<\/div>\n\t\t\t\t\t<\/div>\n\t\t<\/section>\n\t\t\t\t\t<\/div>\n\t\t<\/div>\n\t\t\t\t\t<\/div>\n\t\t<\/section>\n\t\t\t\t<section class=\"elementor-section elementor-top-section elementor-element elementor-element-2b2c9159 elementor-section-boxed elementor-section-height-default elementor-section-height-default rael-particle-no\" data-id=\"2b2c9159\" data-element_type=\"section\" data-e-type=\"section\" data-settings=\"{&quot;background_background&quot;:&quot;classic&quot;,&quot;rae_animations_entrance&quot;:&quot;none&quot;}\">\n\t\t\t\t\t\t<div class=\"elementor-container elementor-column-gap-default\">\n\t\t\t\t\t<div class=\"elementor-column elementor-col-33 elementor-top-column elementor-element elementor-element-430005f5 rael-particle-no\" data-id=\"430005f5\" data-element_type=\"column\" data-e-type=\"column\">\n\t\t\t<div class=\"elementor-widget-wrap elementor-element-populated\">\n\t\t\t\t\t\t<div class=\"elementor-element elementor-element-6839f779 elementor-widget elementor-widget-heading\" data-id=\"6839f779\" data-element_type=\"widget\" data-e-type=\"widget\" data-widget_type=\"heading.default\">\n\t\t\t\t<div class=\"elementor-widget-container\">\n\t\t\t\t\t<h2 class=\"elementor-heading-title elementor-size-default\">Crossroads English \u00ae<\/h2>\t\t\t\t<\/div>\n\t\t\t\t<\/div>\n\t\t\t\t<div class=\"elementor-element elementor-element-60eba94 elementor-widget elementor-widget-text-editor\" data-id=\"60eba94\" data-element_type=\"widget\" data-e-type=\"widget\" data-widget_type=\"text-editor.default\">\n\t\t\t\t<div class=\"elementor-widget-container\">\n\t\t\t\t\t\t\t\t\t<p>Aunque estamos ubicados en Chile, nuestra influencia se extiende mucho m\u00e1s all\u00e1 de las fronteras.<\/p><p>Ofrecemos con orgullo clases de ingl\u00e9s en l\u00ednea a estudiantes de todo el mundo. No importa d\u00f3nde te encuentres, puedes beneficiarte de nuestra instrucci\u00f3n de alta calidad y enfoque personalizado desde la comodidad de tu propio hogar u oficina.<\/p><p>Con nuestras clases en l\u00ednea, puedes disfrutar de la conveniencia y flexibilidad de aprender ingl\u00e9s sin las limitaciones de la distancia geogr\u00e1fica.<\/p><p>Ya sea que te encuentres en Chile o en cualquier otro pa\u00eds, nuestras clases de ingl\u00e9s en l\u00ednea te permiten superar las barreras, ampliar tus oportunidades y mejorar tus habilidades de comunicaci\u00f3n. \u00danete a nuestra comunidad global de estudiantes y emprende un viaje de transformaci\u00f3n en el idioma con nosotros, sin importar d\u00f3nde te encuentres en el mundo.<\/p>\t\t\t\t\t\t\t\t<\/div>\n\t\t\t\t<\/div>\n\t\t\t\t<div class=\"elementor-element elementor-element-3fe31209 elementor-shape-circle e-grid-align-left elementor-grid-0 elementor-widget elementor-widget-social-icons\" data-id=\"3fe31209\" data-element_type=\"widget\" data-e-type=\"widget\" data-widget_type=\"social-icons.default\">\n\t\t\t\t<div class=\"elementor-widget-container\">\n\t\t\t\t\t\t\t<div class=\"elementor-social-icons-wrapper elementor-grid\" role=\"list\">\n\t\t\t\t\t\t\t<span class=\"elementor-grid-item\" role=\"listitem\">\n\t\t\t\t\t<a class=\"elementor-icon elementor-social-icon elementor-social-icon-instagram elementor-animation-grow elementor-repeater-item-7887693\" href=\"https:\/\/www.instagram.com\/crossroads_english\/\" target=\"_blank\">\n\t\t\t\t\t\t<span class=\"elementor-screen-only\">Instagram<\/span>\n\t\t\t\t\t\t<i aria-hidden=\"true\" class=\"fab fa-instagram\"><\/i>\t\t\t\t\t<\/a>\n\t\t\t\t<\/span>\n\t\t\t\t\t\t\t<span class=\"elementor-grid-item\" role=\"listitem\">\n\t\t\t\t\t<a class=\"elementor-icon elementor-social-icon elementor-social-icon-linkedin elementor-animation-grow elementor-repeater-item-ca2f104\" href=\"https:\/\/www.linkedin.com\/school\/51634865\/\" target=\"_blank\">\n\t\t\t\t\t\t<span class=\"elementor-screen-only\">Linkedin<\/span>\n\t\t\t\t\t\t<i aria-hidden=\"true\" class=\"fab fa-linkedin\"><\/i>\t\t\t\t\t<\/a>\n\t\t\t\t<\/span>\n\t\t\t\t\t\t\t<span class=\"elementor-grid-item\" role=\"listitem\">\n\t\t\t\t\t<a class=\"elementor-icon elementor-social-icon elementor-social-icon-facebook elementor-animation-grow elementor-repeater-item-e9c0527\" href=\"https:\/\/www.facebook.com\/Crossroads-English-131816590265094\" target=\"_blank\">\n\t\t\t\t\t\t<span class=\"elementor-screen-only\">Facebook<\/span>\n\t\t\t\t\t\t<i aria-hidden=\"true\" class=\"fab fa-facebook\"><\/i>\t\t\t\t\t<\/a>\n\t\t\t\t<\/span>\n\t\t\t\t\t<\/div>\n\t\t\t\t\t\t<\/div>\n\t\t\t\t<\/div>\n\t\t\t\t\t<\/div>\n\t\t<\/div>\n\t\t\t\t<div class=\"elementor-column elementor-col-33 elementor-top-column elementor-element elementor-element-7cfa21ea rael-particle-no\" data-id=\"7cfa21ea\" data-element_type=\"column\" data-e-type=\"column\">\n\t\t\t<div class=\"elementor-widget-wrap elementor-element-populated\">\n\t\t\t\t\t\t<div class=\"elementor-element elementor-element-36a236f8 elementor-widget elementor-widget-html\" data-id=\"36a236f8\" data-element_type=\"widget\" data-e-type=\"widget\" data-widget_type=\"html.default\">\n\t\t\t\t<div class=\"elementor-widget-container\">\n\t\t\t\t\t<blockquote class=\"tiktok-embed\" cite=\"https:\/\/www.tiktok.com\/@crossroadsenglish\" data-unique-id=\"crossroadsenglish\" data-embed-type=\"creator\" style=\"max-width: 780px; min-width: 288px;\" > <section> <a target=\"_blank\" href=\"https:\/\/www.tiktok.com\/@crossroadsenglish?refer=creator_embed\">@crossroadsenglish<\/a> <\/section> <\/blockquote> <script async src=\"https:\/\/www.tiktok.com\/embed.js\"><\/script>\t\t\t\t<\/div>\n\t\t\t\t<\/div>\n\t\t\t\t<div class=\"elementor-element elementor-element-262c4550 elementor-shape-rounded elementor-grid-0 e-grid-align-center elementor-widget elementor-widget-social-icons\" data-id=\"262c4550\" data-element_type=\"widget\" data-e-type=\"widget\" data-widget_type=\"social-icons.default\">\n\t\t\t\t<div class=\"elementor-widget-container\">\n\t\t\t\t\t\t\t<div class=\"elementor-social-icons-wrapper elementor-grid\">\n\t\t\t\t\t\t\t<span class=\"elementor-grid-item\">\n\t\t\t\t\t<a class=\"elementor-icon elementor-social-icon elementor-social-icon-linkedin elementor-repeater-item-75a0cc4\" href=\"https:\/\/www.linkedin.com\/in\/alexandra-zelinski\/\" target=\"_blank\">\n\t\t\t\t\t\t<span class=\"elementor-screen-only\">Linkedin<\/span>\n\t\t\t\t\t\t<i aria-hidden=\"true\" class=\"fab fa-linkedin\"><\/i>\t\t\t\t\t<\/a>\n\t\t\t\t<\/span>\n\t\t\t\t\t<\/div>\n\t\t\t\t\t\t<\/div>\n\t\t\t\t<\/div>\n\t\t\t\t\t<\/div>\n\t\t<\/div>\n\t\t\t\t<div class=\"elementor-column elementor-col-33 elementor-top-column elementor-element elementor-element-6bcf0d97 rael-particle-no\" data-id=\"6bcf0d97\" data-element_type=\"column\" data-e-type=\"column\">\n\t\t\t<div class=\"elementor-widget-wrap elementor-element-populated\">\n\t\t\t\t\t\t<div class=\"elementor-element elementor-element-3b1eb5da elementor-widget elementor-widget-heading\" data-id=\"3b1eb5da\" data-element_type=\"widget\" data-e-type=\"widget\" data-widget_type=\"heading.default\">\n\t\t\t\t<div class=\"elementor-widget-container\">\n\t\t\t\t\t<h2 class=\"elementor-heading-title elementor-size-default\">Conoce al fundador<\/h2>\t\t\t\t<\/div>\n\t\t\t\t<\/div>\n\t\t\t\t<div class=\"elementor-element elementor-element-5dc9df98 elementor-widget elementor-widget-text-editor\" data-id=\"5dc9df98\" data-element_type=\"widget\" data-e-type=\"widget\" data-widget_type=\"text-editor.default\">\n\t\t\t\t<div class=\"elementor-widget-container\">\n\t\t\t\t\t\t\t\t\t<p>Alexandra Zelinski es la fundadora de Crossroads English \u00ae, aporta m\u00e1s de 10 a\u00f1os de valiosa experiencia en el campo de la educaci\u00f3n en ingl\u00e9s. Con una pasi\u00f3n por la ense\u00f1anza y una profunda comprensi\u00f3n de la adquisici\u00f3n del idioma, se ha dedicado a ayudar a estudiantes como t\u00fa a alcanzar sus objetivos ling\u00fc\u00edsticos.<\/p><p>Posee un t\u00edtulo en Lengua y Literatura Inglesa, as\u00ed como en Traducci\u00f3n entre Ingl\u00e9s y Franc\u00e9s, lo que le ha proporcionado una s\u00f3lida base en teor\u00eda ling\u00fc\u00edstica y comunicaci\u00f3n intercultural. <br \/><br \/>A lo largo de su carrera, ha perfeccionado sus habilidades de ense\u00f1anza, desarrollado metodolog\u00edas efectivas y se ha mantenido actualizada con las \u00faltimas tendencias en la educaci\u00f3n en idiomas. En Crossroads English \u00ae te ofrecemos una experiencia de aprendizaje de apoyo, atractiva y orientada a resultados, gui\u00e1ndote hacia la fluidez y empoder\u00e1ndote para comunicarte con confianza en ingl\u00e9s.<\/p>\t\t\t\t\t\t\t\t<\/div>\n\t\t\t\t<\/div>\n\t\t\t\t\t<\/div>\n\t\t<\/div>\n\t\t\t\t\t<\/div>\n\t\t<\/section>\n\t\t\t\t<section class=\"elementor-section elementor-top-section elementor-element elementor-element-5083f294 elementor-section-boxed elementor-section-height-default elementor-section-height-default rael-particle-no\" data-id=\"5083f294\" data-element_type=\"section\" data-e-type=\"section\" data-settings=\"{&quot;background_background&quot;:&quot;classic&quot;,&quot;rae_animations_entrance&quot;:&quot;none&quot;}\">\n\t\t\t\t\t\t<div class=\"elementor-container elementor-column-gap-default\">\n\t\t\t\t\t<div class=\"elementor-column elementor-col-100 elementor-top-column elementor-element elementor-element-77e01201 rael-particle-no\" data-id=\"77e01201\" data-element_type=\"column\" data-e-type=\"column\">\n\t\t\t<div class=\"elementor-widget-wrap elementor-element-populated\">\n\t\t\t\t\t\t<div class=\"elementor-element elementor-element-616d2d7c elementor-widget elementor-widget-text-editor\" data-id=\"616d2d7c\" data-element_type=\"widget\" data-e-type=\"widget\" data-widget_type=\"text-editor.default\">\n\t\t\t\t<div class=\"elementor-widget-container\">\n\t\t\t\t\t\t\t\t\t<p>Crossroads English \u00ae. All rights reserved.<\/p>\t\t\t\t\t\t\t\t<\/div>\n\t\t\t\t<\/div>\n\t\t\t\t\t<\/div>\n\t\t<\/div>\n\t\t\t\t\t<\/div>\n\t\t<\/section>\n\t\t\t\t<\/div>","protected":false},"excerpt":{"rendered":"<p>One-on-one classes One-on-one English classes at Crossroads English\u00ae offer you the ultimate personalized learning experience. With our individualized approach, you&#8217;ll have the undivided attention of a skilled instructor who will tailor the curriculum to your specific needs, learning style, and &hellip;<\/p>\n<p class=\"read-more\"> <a class=\"more-link\" href=\"https:\/\/crossroads-english.com\/es\/one-on-one-english-classes\/\"> <span class=\"screen-reader-text\">One-on-one English Classes<\/span> Leer m\u00e1s \u201d<\/a><\/p>","protected":false},"author":1,"featured_media":0,"parent":0,"menu_order":0,"comment_status":"closed","ping_status":"closed","template":"elementor_header_footer","meta":{"content-type":"","_eb_attr":"","footnotes":""},"class_list":["post-1634","page","type-page","status-publish","hentry"],"aioseo_notices":[],"_links":{"self":[{"href":"https:\/\/crossroads-english.com\/es\/wp-json\/wp\/v2\/pages\/1634","targetHints":{"allow":["GET"]}}],"collection":[{"href":"https:\/\/crossroads-english.com\/es\/wp-json\/wp\/v2\/pages"}],"about":[{"href":"https:\/\/crossroads-english.com\/es\/wp-json\/wp\/v2\/types\/page"}],"author":[{"embeddable":true,"href":"https:\/\/crossroads-english.com\/es\/wp-json\/wp\/v2\/users\/1"}],"replies":[{"embeddable":true,"href":"https:\/\/crossroads-english.com\/es\/wp-json\/wp\/v2\/comments?post=1634"}],"version-history":[{"count":17,"href":"https:\/\/crossroads-english.com\/es\/wp-json\/wp\/v2\/pages\/1634\/revisions"}],"predecessor-version":[{"id":1997,"href":"https:\/\/crossroads-english.com\/es\/wp-json\/wp\/v2\/pages\/1634\/revisions\/1997"}],"wp:attachment":[{"href":"https:\/\/crossroads-english.com\/es\/wp-json\/wp\/v2\/media?parent=1634"}],"curies":[{"name":"wp","href":"https:\/\/api.w.org\/{rel}","templated":true}]}}