{"id":1057,"date":"2021-03-31T05:16:25","date_gmt":"2021-03-31T05:16:25","guid":{"rendered":"https:\/\/ccreadysites.cyberchimps.com\/apppress\/?page_id=1057"},"modified":"2023-11-21T19:26:27","modified_gmt":"2023-11-21T19:26:27","slug":"contact","status":"publish","type":"page","link":"https:\/\/crossroads-english.com\/es\/contact\/","title":{"rendered":"Contact"},"content":{"rendered":"<div data-elementor-type=\"wp-page\" data-elementor-id=\"1057\" class=\"elementor elementor-1057\" data-elementor-post-type=\"page\">\n\t\t\t\t\t\t<section class=\"elementor-section elementor-top-section elementor-element elementor-element-60976fd elementor-section-boxed elementor-section-height-default elementor-section-height-default rael-particle-no\" data-id=\"60976fd\" data-element_type=\"section\" data-e-type=\"section\" data-settings=\"{&quot;background_background&quot;:&quot;classic&quot;,&quot;rae_animations_entrance&quot;:&quot;none&quot;}\">\n\t\t\t\t\t\t<div class=\"elementor-container elementor-column-gap-default\">\n\t\t\t\t\t<div class=\"elementor-column elementor-col-50 elementor-top-column elementor-element elementor-element-b7ee4e9 rael-particle-no\" data-id=\"b7ee4e9\" data-element_type=\"column\" data-e-type=\"column\">\n\t\t\t<div class=\"elementor-widget-wrap elementor-element-populated\">\n\t\t\t\t\t\t<div class=\"elementor-element elementor-element-e5dbc37 elementor-invisible elementor-widget elementor-widget-heading\" data-id=\"e5dbc37\" data-element_type=\"widget\" data-e-type=\"widget\" data-settings=\"{&quot;_animation&quot;:&quot;pulse&quot;}\" data-widget_type=\"heading.default\">\n\t\t\t\t<div class=\"elementor-widget-container\">\n\t\t\t\t\t<h2 class=\"elementor-heading-title elementor-size-default\">Cont\u00e1ctanos<\/h2>\t\t\t\t<\/div>\n\t\t\t\t<\/div>\n\t\t\t\t<section class=\"elementor-section elementor-inner-section elementor-element elementor-element-c13d5e4 elementor-section-boxed elementor-section-height-default elementor-section-height-default rael-particle-no elementor-invisible\" data-id=\"c13d5e4\" data-element_type=\"section\" data-e-type=\"section\" data-settings=\"{&quot;animation&quot;:&quot;fadeInRight&quot;,&quot;rae_animations_entrance&quot;:&quot;none&quot;}\">\n\t\t\t\t\t\t<div class=\"elementor-container elementor-column-gap-default\">\n\t\t\t\t\t<div class=\"elementor-column elementor-col-100 elementor-inner-column elementor-element elementor-element-9c197de rael-particle-no\" data-id=\"9c197de\" data-element_type=\"column\" data-e-type=\"column\">\n\t\t\t<div class=\"elementor-widget-wrap elementor-element-populated\">\n\t\t\t\t\t\t<div class=\"elementor-element elementor-element-0d4c0bc elementor-widget elementor-widget-text-editor\" data-id=\"0d4c0bc\" data-element_type=\"widget\" data-e-type=\"widget\" data-widget_type=\"text-editor.default\">\n\t\t\t\t<div class=\"elementor-widget-container\">\n\t\t\t\t\t\t\t\t\t<p>Comenzar tus clases privadas de ingl\u00e9s es una decisi\u00f3n de la que te alegrar\u00e1s. Es una inversi\u00f3n valiosa en ti mismo que puede mejorar tu vida personal y profesional, y llevar a nuevas oportunidades y experiencias. \u00a1Aprovecha la oportunidad y comienza tu viaje en el idioma hoy mismo!<\/p>\t\t\t\t\t\t\t\t<\/div>\n\t\t\t\t<\/div>\n\t\t\t\t\t<\/div>\n\t\t<\/div>\n\t\t\t\t\t<\/div>\n\t\t<\/section>\n\t\t\t\t\t<\/div>\n\t\t<\/div>\n\t\t\t\t<div class=\"elementor-column elementor-col-50 elementor-top-column elementor-element elementor-element-92e0028 rael-particle-no\" data-id=\"92e0028\" data-element_type=\"column\" data-e-type=\"column\" data-settings=\"{&quot;background_background&quot;:&quot;classic&quot;}\">\n\t\t\t<div class=\"elementor-widget-wrap elementor-element-populated\">\n\t\t\t\t\t\t<div class=\"elementor-element elementor-element-31d2f0a elementor-widget elementor-widget-shortcode\" data-id=\"31d2f0a\" data-element_type=\"widget\" data-e-type=\"widget\" data-widget_type=\"shortcode.default\">\n\t\t\t\t<div class=\"elementor-widget-container\">\n\t\t\t\t\t\t\t<div class=\"elementor-shortcode\">\n\t\t\t\t\t\t<script>\n\t\t\t\t\t\t\twindow.hsFormsOnReady = window.hsFormsOnReady || [];\n\t\t\t\t\t\t\twindow.hsFormsOnReady.push(()=>{\n\t\t\t\t\t\t\t\thbspt.forms.create({\n\t\t\t\t\t\t\t\t\tportalId: 22332198,\n\t\t\t\t\t\t\t\t\tformId: \"9c36c71a-8ae0-4e5e-893f-5a25ba589d69\",\n\t\t\t\t\t\t\t\t\ttarget: \"#hbspt-form-1776607850000-4340359693\",\n\t\t\t\t\t\t\t\t\tregion: \"na1\",\n\t\t\t\t\t\t\t\t\t\n\t\t\t\t\t\t\t})});\n\t\t\t\t\t\t<\/script>\n\t\t\t\t\t\t<div class=\"hbspt-form\" id=\"hbspt-form-1776607850000-4340359693\"><\/div><\/div>\n\t\t\t\t\t\t<\/div>\n\t\t\t\t<\/div>\n\t\t\t\t\t<\/div>\n\t\t<\/div>\n\t\t\t\t\t<\/div>\n\t\t<\/section>\n\t\t\t\t<section class=\"elementor-section elementor-top-section elementor-element elementor-element-321cee86 elementor-section-boxed elementor-section-height-default elementor-section-height-default rael-particle-no\" data-id=\"321cee86\" data-element_type=\"section\" data-e-type=\"section\" data-settings=\"{&quot;background_background&quot;:&quot;classic&quot;,&quot;rae_animations_entrance&quot;:&quot;none&quot;}\">\n\t\t\t\t\t\t<div class=\"elementor-container elementor-column-gap-default\">\n\t\t\t\t\t<div class=\"elementor-column elementor-col-33 elementor-top-column elementor-element elementor-element-4665d2fb rael-particle-no\" data-id=\"4665d2fb\" data-element_type=\"column\" data-e-type=\"column\">\n\t\t\t<div class=\"elementor-widget-wrap elementor-element-populated\">\n\t\t\t\t\t\t<div class=\"elementor-element elementor-element-61ff4ded elementor-widget elementor-widget-heading\" data-id=\"61ff4ded\" data-element_type=\"widget\" data-e-type=\"widget\" data-widget_type=\"heading.default\">\n\t\t\t\t<div class=\"elementor-widget-container\">\n\t\t\t\t\t<h2 class=\"elementor-heading-title elementor-size-default\">Crossroads English \u00ae<\/h2>\t\t\t\t<\/div>\n\t\t\t\t<\/div>\n\t\t\t\t<div class=\"elementor-element elementor-element-56a403e8 elementor-widget elementor-widget-text-editor\" data-id=\"56a403e8\" data-element_type=\"widget\" data-e-type=\"widget\" data-widget_type=\"text-editor.default\">\n\t\t\t\t<div class=\"elementor-widget-container\">\n\t\t\t\t\t\t\t\t\t<p>Aunque estamos ubicados en Chile, nuestra influencia se extiende mucho m\u00e1s all\u00e1 de las fronteras.<\/p><p>Ofrecemos con orgullo clases de ingl\u00e9s en l\u00ednea a estudiantes de todo el mundo. No importa d\u00f3nde te encuentres, puedes beneficiarte de nuestra instrucci\u00f3n de alta calidad y enfoque personalizado desde la comodidad de tu propio hogar u oficina.<\/p><p>Con nuestras clases en l\u00ednea, puedes disfrutar de la conveniencia y flexibilidad de aprender ingl\u00e9s sin las limitaciones de la distancia geogr\u00e1fica.<\/p><p>Ya sea que te encuentres en Chile o en cualquier otro pa\u00eds, nuestras clases de ingl\u00e9s en l\u00ednea te permiten superar las barreras, ampliar tus oportunidades y mejorar tus habilidades de comunicaci\u00f3n. \u00danete a nuestra comunidad global de estudiantes y emprende un viaje de transformaci\u00f3n en el idioma con nosotros, sin importar d\u00f3nde te encuentres en el mundo.<\/p>\t\t\t\t\t\t\t\t<\/div>\n\t\t\t\t<\/div>\n\t\t\t\t<div class=\"elementor-element elementor-element-75dbca6 elementor-shape-circle e-grid-align-left elementor-grid-0 elementor-widget elementor-widget-social-icons\" data-id=\"75dbca6\" data-element_type=\"widget\" data-e-type=\"widget\" data-widget_type=\"social-icons.default\">\n\t\t\t\t<div class=\"elementor-widget-container\">\n\t\t\t\t\t\t\t<div class=\"elementor-social-icons-wrapper elementor-grid\" role=\"list\">\n\t\t\t\t\t\t\t<span class=\"elementor-grid-item\" role=\"listitem\">\n\t\t\t\t\t<a class=\"elementor-icon elementor-social-icon elementor-social-icon-instagram elementor-animation-grow elementor-repeater-item-7887693\" href=\"https:\/\/www.instagram.com\/crossroads_english\/\" target=\"_blank\">\n\t\t\t\t\t\t<span class=\"elementor-screen-only\">Instagram<\/span>\n\t\t\t\t\t\t<i aria-hidden=\"true\" class=\"fab fa-instagram\"><\/i>\t\t\t\t\t<\/a>\n\t\t\t\t<\/span>\n\t\t\t\t\t\t\t<span class=\"elementor-grid-item\" role=\"listitem\">\n\t\t\t\t\t<a class=\"elementor-icon elementor-social-icon elementor-social-icon-linkedin elementor-animation-grow elementor-repeater-item-ca2f104\" href=\"https:\/\/www.linkedin.com\/school\/51634865\/\" target=\"_blank\">\n\t\t\t\t\t\t<span class=\"elementor-screen-only\">Linkedin<\/span>\n\t\t\t\t\t\t<i aria-hidden=\"true\" class=\"fab fa-linkedin\"><\/i>\t\t\t\t\t<\/a>\n\t\t\t\t<\/span>\n\t\t\t\t\t\t\t<span class=\"elementor-grid-item\" role=\"listitem\">\n\t\t\t\t\t<a class=\"elementor-icon elementor-social-icon elementor-social-icon-facebook elementor-animation-grow elementor-repeater-item-e9c0527\" href=\"https:\/\/www.facebook.com\/Crossroads-English-131816590265094\" target=\"_blank\">\n\t\t\t\t\t\t<span class=\"elementor-screen-only\">Facebook<\/span>\n\t\t\t\t\t\t<i aria-hidden=\"true\" class=\"fab fa-facebook\"><\/i>\t\t\t\t\t<\/a>\n\t\t\t\t<\/span>\n\t\t\t\t\t<\/div>\n\t\t\t\t\t\t<\/div>\n\t\t\t\t<\/div>\n\t\t\t\t\t<\/div>\n\t\t<\/div>\n\t\t\t\t<div class=\"elementor-column elementor-col-33 elementor-top-column elementor-element elementor-element-3e2b2d27 rael-particle-no\" data-id=\"3e2b2d27\" data-element_type=\"column\" data-e-type=\"column\">\n\t\t\t<div class=\"elementor-widget-wrap elementor-element-populated\">\n\t\t\t\t\t\t<div class=\"elementor-element elementor-element-4f6e96b1 elementor-widget elementor-widget-html\" data-id=\"4f6e96b1\" data-element_type=\"widget\" data-e-type=\"widget\" data-widget_type=\"html.default\">\n\t\t\t\t<div class=\"elementor-widget-container\">\n\t\t\t\t\t<blockquote class=\"tiktok-embed\" cite=\"https:\/\/www.tiktok.com\/@crossroadsenglish\" data-unique-id=\"crossroadsenglish\" data-embed-type=\"creator\" style=\"max-width: 780px; min-width: 288px;\" > <section> <a target=\"_blank\" href=\"https:\/\/www.tiktok.com\/@crossroadsenglish?refer=creator_embed\">@crossroadsenglish<\/a> <\/section> <\/blockquote> <script async src=\"https:\/\/www.tiktok.com\/embed.js\"><\/script>\t\t\t\t<\/div>\n\t\t\t\t<\/div>\n\t\t\t\t<div class=\"elementor-element elementor-element-728a546b elementor-shape-rounded elementor-grid-0 e-grid-align-center elementor-widget elementor-widget-social-icons\" data-id=\"728a546b\" data-element_type=\"widget\" data-e-type=\"widget\" data-widget_type=\"social-icons.default\">\n\t\t\t\t<div class=\"elementor-widget-container\">\n\t\t\t\t\t\t\t<div class=\"elementor-social-icons-wrapper elementor-grid\">\n\t\t\t\t\t\t\t<span class=\"elementor-grid-item\">\n\t\t\t\t\t<a class=\"elementor-icon elementor-social-icon elementor-social-icon-linkedin elementor-repeater-item-75a0cc4\" href=\"https:\/\/www.linkedin.com\/in\/alexandra-zelinski\/\" target=\"_blank\">\n\t\t\t\t\t\t<span class=\"elementor-screen-only\">Linkedin<\/span>\n\t\t\t\t\t\t<i aria-hidden=\"true\" class=\"fab fa-linkedin\"><\/i>\t\t\t\t\t<\/a>\n\t\t\t\t<\/span>\n\t\t\t\t\t<\/div>\n\t\t\t\t\t\t<\/div>\n\t\t\t\t<\/div>\n\t\t\t\t\t<\/div>\n\t\t<\/div>\n\t\t\t\t<div class=\"elementor-column elementor-col-33 elementor-top-column elementor-element elementor-element-22e6cdff rael-particle-no\" data-id=\"22e6cdff\" data-element_type=\"column\" data-e-type=\"column\">\n\t\t\t<div class=\"elementor-widget-wrap elementor-element-populated\">\n\t\t\t\t\t\t<div class=\"elementor-element elementor-element-3e8f021b elementor-widget elementor-widget-heading\" data-id=\"3e8f021b\" data-element_type=\"widget\" data-e-type=\"widget\" data-widget_type=\"heading.default\">\n\t\t\t\t<div class=\"elementor-widget-container\">\n\t\t\t\t\t<h2 class=\"elementor-heading-title elementor-size-default\">Conoce al fundador<\/h2>\t\t\t\t<\/div>\n\t\t\t\t<\/div>\n\t\t\t\t<div class=\"elementor-element elementor-element-57b34bb5 elementor-widget elementor-widget-text-editor\" data-id=\"57b34bb5\" data-element_type=\"widget\" data-e-type=\"widget\" data-widget_type=\"text-editor.default\">\n\t\t\t\t<div class=\"elementor-widget-container\">\n\t\t\t\t\t\t\t\t\t<p>Alexandra Zelinski es la fundadora de Crossroads English \u00ae, aporta m\u00e1s de 10 a\u00f1os de valiosa experiencia en el campo de la educaci\u00f3n en ingl\u00e9s. Con una pasi\u00f3n por la ense\u00f1anza y una profunda comprensi\u00f3n de la adquisici\u00f3n del idioma, se ha dedicado a ayudar a estudiantes como t\u00fa a alcanzar sus objetivos ling\u00fc\u00edsticos.<\/p><p>Posee un t\u00edtulo en Lengua y Literatura Inglesa, as\u00ed como en Traducci\u00f3n entre Ingl\u00e9s y Franc\u00e9s, lo que le ha proporcionado una s\u00f3lida base en teor\u00eda ling\u00fc\u00edstica y comunicaci\u00f3n intercultural. <br \/><br \/>A lo largo de su carrera, ha perfeccionado sus habilidades de ense\u00f1anza, desarrollado metodolog\u00edas efectivas y se ha mantenido actualizada con las \u00faltimas tendencias en la educaci\u00f3n en idiomas. En Crossroads English \u00ae te ofrecemos una experiencia de aprendizaje de apoyo, atractiva y orientada a resultados, gui\u00e1ndote hacia la fluidez y empoder\u00e1ndote para comunicarte con confianza en ingl\u00e9s.<\/p>\t\t\t\t\t\t\t\t<\/div>\n\t\t\t\t<\/div>\n\t\t\t\t\t<\/div>\n\t\t<\/div>\n\t\t\t\t\t<\/div>\n\t\t<\/section>\n\t\t\t\t<section class=\"elementor-section elementor-top-section elementor-element elementor-element-28f6b9f3 elementor-section-boxed elementor-section-height-default elementor-section-height-default rael-particle-no\" data-id=\"28f6b9f3\" data-element_type=\"section\" data-e-type=\"section\" data-settings=\"{&quot;background_background&quot;:&quot;classic&quot;,&quot;rae_animations_entrance&quot;:&quot;none&quot;}\">\n\t\t\t\t\t\t<div class=\"elementor-container elementor-column-gap-default\">\n\t\t\t\t\t<div class=\"elementor-column elementor-col-100 elementor-top-column elementor-element elementor-element-2dd696dc rael-particle-no\" data-id=\"2dd696dc\" data-element_type=\"column\" data-e-type=\"column\">\n\t\t\t<div class=\"elementor-widget-wrap elementor-element-populated\">\n\t\t\t\t\t\t<div class=\"elementor-element elementor-element-3a0feabc elementor-widget elementor-widget-text-editor\" data-id=\"3a0feabc\" data-element_type=\"widget\" data-e-type=\"widget\" data-widget_type=\"text-editor.default\">\n\t\t\t\t<div class=\"elementor-widget-container\">\n\t\t\t\t\t\t\t\t\t<p>Crossroads English \u00ae. All rights reserved.<\/p>\t\t\t\t\t\t\t\t<\/div>\n\t\t\t\t<\/div>\n\t\t\t\t\t<\/div>\n\t\t<\/div>\n\t\t\t\t\t<\/div>\n\t\t<\/section>\n\t\t\t\t<\/div>","protected":false},"excerpt":{"rendered":"<p>Get In Touch Starting your private English classes is a decision you&#8217;ll be glad you made. It&#8217;s a valuable investment in yourself that can enhance your personal and professional life, and lead to new opportunities and experiences.\u00a0Seize the opportunity and &hellip;<\/p>\n<p class=\"read-more\"> <a class=\"more-link\" href=\"https:\/\/crossroads-english.com\/es\/contact\/\"> <span class=\"screen-reader-text\">Contact<\/span> Leer m\u00e1s \u201d<\/a><\/p>","protected":false},"author":1,"featured_media":0,"parent":0,"menu_order":0,"comment_status":"closed","ping_status":"closed","template":"elementor_header_footer","meta":{"content-type":"","_eb_attr":"","footnotes":""},"class_list":["post-1057","page","type-page","status-publish","hentry"],"aioseo_notices":[],"_links":{"self":[{"href":"https:\/\/crossroads-english.com\/es\/wp-json\/wp\/v2\/pages\/1057","targetHints":{"allow":["GET"]}}],"collection":[{"href":"https:\/\/crossroads-english.com\/es\/wp-json\/wp\/v2\/pages"}],"about":[{"href":"https:\/\/crossroads-english.com\/es\/wp-json\/wp\/v2\/types\/page"}],"author":[{"embeddable":true,"href":"https:\/\/crossroads-english.com\/es\/wp-json\/wp\/v2\/users\/1"}],"replies":[{"embeddable":true,"href":"https:\/\/crossroads-english.com\/es\/wp-json\/wp\/v2\/comments?post=1057"}],"version-history":[{"count":34,"href":"https:\/\/crossroads-english.com\/es\/wp-json\/wp\/v2\/pages\/1057\/revisions"}],"predecessor-version":[{"id":1873,"href":"https:\/\/crossroads-english.com\/es\/wp-json\/wp\/v2\/pages\/1057\/revisions\/1873"}],"wp:attachment":[{"href":"https:\/\/crossroads-english.com\/es\/wp-json\/wp\/v2\/media?parent=1057"}],"curies":[{"name":"wp","href":"https:\/\/api.w.org\/{rel}","templated":true}]}}